{"id":66639,"date":"2024-04-02T09:57:23","date_gmt":"2024-04-02T07:57:23","guid":{"rendered":"https:\/\/europe.borealoutdoor.com\/product\/big-wall\/"},"modified":"2024-04-11T10:20:18","modified_gmt":"2024-04-11T08:20:18","slug":"big-wall","status":"publish","type":"product","link":"https:\/\/europe.borealoutdoor.com\/de\/produkt\/big-wall\/","title":{"rendered":"BIG WALL"},"content":{"rendered":"<p>Yosemite, Troll Wall, Gr\u00f6nland; Wo auch immer dein n\u00e4chstes Abenteuer hinf\u00fchrt, der BOREAL Big Wall ist dein Schuh der Wahl. Der BOREAL Big Wall ist speziell f\u00fcr die Anforderungen langer Mehrseill\u00e4ngentouren oder technischer Routen entwickelt worden. Er st\u00fctzt, ist komfortabel und langlebig.<\/p>\n","protected":false},"excerpt":{"rendered":"<p>Yosemite, Troll Wall, Gr\u00f6nland; Wo auch immer dein n\u00e4chstes Abenteuer hinf\u00fchrt, der BOREAL Big Wall ist dein Schuh der Wahl. Der BOREAL Big Wall ist speziell f\u00fcr die Anforderungen langer Mehrseill\u00e4ngentouren oder technischer Routen entwickelt worden. Er st\u00fctzt, ist komfortabel [&hellip;]<\/p>\n","protected":false},"featured_media":60717,"comment_status":"closed","ping_status":"open","template":"","meta":[],"product_cat":[338,351],"product_tag":[],"yoast_head":"<!-- This site is optimized with the Yoast SEO plugin v21.8.1 - https:\/\/yoast.com\/wordpress\/plugins\/seo\/ -->\n<title>BIG WALL - Boreal Europe<\/title>\n<meta name=\"robots\" content=\"index, follow, max-snippet:-1, max-image-preview:large, max-video-preview:-1\" \/>\n<link rel=\"canonical\" href=\"https:\/\/europe.borealoutdoor.com\/de\/produkt\/big-wall\/\" \/>\n<meta property=\"og:locale\" content=\"de_DE\" \/>\n<meta property=\"og:type\" content=\"article\" \/>\n<meta property=\"og:title\" content=\"BIG WALL - Boreal Europe\" \/>\n<meta property=\"og:description\" content=\"Yosemite, Troll Wall, Gr\u00f6nland; Wo auch immer dein n\u00e4chstes Abenteuer hinf\u00fchrt, der BOREAL Big Wall ist dein Schuh der Wahl. Der BOREAL Big Wall ist speziell f\u00fcr die Anforderungen langer Mehrseill\u00e4ngentouren oder technischer Routen entwickelt worden. Er st\u00fctzt, ist komfortabel [&hellip;]\" \/>\n<meta property=\"og:url\" content=\"https:\/\/europe.borealoutdoor.com\/de\/produkt\/big-wall\/\" \/>\n<meta property=\"og:site_name\" content=\"Boreal Europe\" \/>\n<meta property=\"article:publisher\" content=\"https:\/\/www.facebook.com\/Boreal.official\/\" \/>\n<meta property=\"article:modified_time\" content=\"2024-04-11T08:20:18+00:00\" \/>\n<meta property=\"og:image\" content=\"https:\/\/europe.borealoutdoor.com\/wp-content\/uploads\/sites\/6\/2024\/04\/12182.jpg\" \/>\n\t<meta property=\"og:image:width\" content=\"1000\" \/>\n\t<meta property=\"og:image:height\" content=\"1000\" \/>\n\t<meta property=\"og:image:type\" content=\"image\/jpeg\" \/>\n<meta name=\"twitter:card\" content=\"summary_large_image\" \/>\n<meta name=\"twitter:site\" content=\"@borealoutdoor\" \/>\n<script type=\"application\/ld+json\" class=\"yoast-schema-graph\">{\"@context\":\"https:\/\/schema.org\",\"@graph\":[{\"@type\":\"WebPage\",\"@id\":\"https:\/\/europe.borealoutdoor.com\/de\/produkt\/big-wall\/\",\"url\":\"https:\/\/europe.borealoutdoor.com\/de\/produkt\/big-wall\/\",\"name\":\"BIG WALL - Boreal Europe\",\"isPartOf\":{\"@id\":\"https:\/\/europe.borealoutdoor.com\/de\/#website\"},\"datePublished\":\"2024-04-02T07:57:23+00:00\",\"dateModified\":\"2024-04-11T08:20:18+00:00\",\"breadcrumb\":{\"@id\":\"https:\/\/europe.borealoutdoor.com\/de\/produkt\/big-wall\/#breadcrumb\"},\"inLanguage\":\"de-DE\",\"potentialAction\":[{\"@type\":\"ReadAction\",\"target\":[\"https:\/\/europe.borealoutdoor.com\/de\/produkt\/big-wall\/\"]}]},{\"@type\":\"BreadcrumbList\",\"@id\":\"https:\/\/europe.borealoutdoor.com\/de\/produkt\/big-wall\/#breadcrumb\",\"itemListElement\":[{\"@type\":\"ListItem\",\"position\":1,\"name\":\"Portada\",\"item\":\"https:\/\/europe.borealoutdoor.com\/de\/startseite\/\"},{\"@type\":\"ListItem\",\"position\":2,\"name\":\"BIG WALL\"}]},{\"@type\":\"WebSite\",\"@id\":\"https:\/\/europe.borealoutdoor.com\/de\/#website\",\"url\":\"https:\/\/europe.borealoutdoor.com\/de\/\",\"name\":\"Boreal\",\"description\":\"\",\"publisher\":{\"@id\":\"https:\/\/europe.borealoutdoor.com\/de\/#organization\"},\"potentialAction\":[{\"@type\":\"SearchAction\",\"target\":{\"@type\":\"EntryPoint\",\"urlTemplate\":\"https:\/\/europe.borealoutdoor.com\/de\/?s={search_term_string}\"},\"query-input\":\"required name=search_term_string\"}],\"inLanguage\":\"de-DE\"},{\"@type\":\"Organization\",\"@id\":\"https:\/\/europe.borealoutdoor.com\/de\/#organization\",\"name\":\"Boreal\",\"url\":\"https:\/\/europe.borealoutdoor.com\/de\/\",\"logo\":{\"@type\":\"ImageObject\",\"inLanguage\":\"de-DE\",\"@id\":\"https:\/\/europe.borealoutdoor.com\/de\/#\/schema\/logo\/image\/\",\"url\":\"https:\/\/europe.borealoutdoor.com\/wp-content\/uploads\/sites\/6\/2023\/11\/logo-vertical2.png\",\"contentUrl\":\"https:\/\/europe.borealoutdoor.com\/wp-content\/uploads\/sites\/6\/2023\/11\/logo-vertical2.png\",\"width\":257,\"height\":168,\"caption\":\"Boreal\"},\"image\":{\"@id\":\"https:\/\/europe.borealoutdoor.com\/de\/#\/schema\/logo\/image\/\"},\"sameAs\":[\"https:\/\/www.facebook.com\/Boreal.official\/\",\"https:\/\/twitter.com\/borealoutdoor\",\"https:\/\/www.youtube.com\/user\/BorealVideos\",\"https:\/\/www.instagram.com\/borealoutdoor\/\"]}]}<\/script>\n<!-- \/ Yoast SEO plugin. -->","yoast_head_json":{"title":"BIG WALL - Boreal Europe","robots":{"index":"index","follow":"follow","max-snippet":"max-snippet:-1","max-image-preview":"max-image-preview:large","max-video-preview":"max-video-preview:-1"},"canonical":"https:\/\/europe.borealoutdoor.com\/de\/produkt\/big-wall\/","og_locale":"de_DE","og_type":"article","og_title":"BIG WALL - Boreal Europe","og_description":"Yosemite, Troll Wall, Gr\u00f6nland; Wo auch immer dein n\u00e4chstes Abenteuer hinf\u00fchrt, der BOREAL Big Wall ist dein Schuh der Wahl. Der BOREAL Big Wall ist speziell f\u00fcr die Anforderungen langer Mehrseill\u00e4ngentouren oder technischer Routen entwickelt worden. Er st\u00fctzt, ist komfortabel [&hellip;]","og_url":"https:\/\/europe.borealoutdoor.com\/de\/produkt\/big-wall\/","og_site_name":"Boreal Europe","article_publisher":"https:\/\/www.facebook.com\/Boreal.official\/","article_modified_time":"2024-04-11T08:20:18+00:00","og_image":[{"width":1000,"height":1000,"url":"https:\/\/europe.borealoutdoor.com\/wp-content\/uploads\/sites\/6\/2024\/04\/12182.jpg","type":"image\/jpeg"}],"twitter_card":"summary_large_image","twitter_site":"@borealoutdoor","schema":{"@context":"https:\/\/schema.org","@graph":[{"@type":"WebPage","@id":"https:\/\/europe.borealoutdoor.com\/de\/produkt\/big-wall\/","url":"https:\/\/europe.borealoutdoor.com\/de\/produkt\/big-wall\/","name":"BIG WALL - Boreal Europe","isPartOf":{"@id":"https:\/\/europe.borealoutdoor.com\/de\/#website"},"datePublished":"2024-04-02T07:57:23+00:00","dateModified":"2024-04-11T08:20:18+00:00","breadcrumb":{"@id":"https:\/\/europe.borealoutdoor.com\/de\/produkt\/big-wall\/#breadcrumb"},"inLanguage":"de-DE","potentialAction":[{"@type":"ReadAction","target":["https:\/\/europe.borealoutdoor.com\/de\/produkt\/big-wall\/"]}]},{"@type":"BreadcrumbList","@id":"https:\/\/europe.borealoutdoor.com\/de\/produkt\/big-wall\/#breadcrumb","itemListElement":[{"@type":"ListItem","position":1,"name":"Portada","item":"https:\/\/europe.borealoutdoor.com\/de\/startseite\/"},{"@type":"ListItem","position":2,"name":"BIG WALL"}]},{"@type":"WebSite","@id":"https:\/\/europe.borealoutdoor.com\/de\/#website","url":"https:\/\/europe.borealoutdoor.com\/de\/","name":"Boreal","description":"","publisher":{"@id":"https:\/\/europe.borealoutdoor.com\/de\/#organization"},"potentialAction":[{"@type":"SearchAction","target":{"@type":"EntryPoint","urlTemplate":"https:\/\/europe.borealoutdoor.com\/de\/?s={search_term_string}"},"query-input":"required name=search_term_string"}],"inLanguage":"de-DE"},{"@type":"Organization","@id":"https:\/\/europe.borealoutdoor.com\/de\/#organization","name":"Boreal","url":"https:\/\/europe.borealoutdoor.com\/de\/","logo":{"@type":"ImageObject","inLanguage":"de-DE","@id":"https:\/\/europe.borealoutdoor.com\/de\/#\/schema\/logo\/image\/","url":"https:\/\/europe.borealoutdoor.com\/wp-content\/uploads\/sites\/6\/2023\/11\/logo-vertical2.png","contentUrl":"https:\/\/europe.borealoutdoor.com\/wp-content\/uploads\/sites\/6\/2023\/11\/logo-vertical2.png","width":257,"height":168,"caption":"Boreal"},"image":{"@id":"https:\/\/europe.borealoutdoor.com\/de\/#\/schema\/logo\/image\/"},"sameAs":["https:\/\/www.facebook.com\/Boreal.official\/","https:\/\/twitter.com\/borealoutdoor","https:\/\/www.youtube.com\/user\/BorealVideos","https:\/\/www.instagram.com\/borealoutdoor\/"]}]}},"_links":{"self":[{"href":"https:\/\/europe.borealoutdoor.com\/de\/wp-json\/wp\/v2\/product\/66639"}],"collection":[{"href":"https:\/\/europe.borealoutdoor.com\/de\/wp-json\/wp\/v2\/product"}],"about":[{"href":"https:\/\/europe.borealoutdoor.com\/de\/wp-json\/wp\/v2\/types\/product"}],"replies":[{"embeddable":true,"href":"https:\/\/europe.borealoutdoor.com\/de\/wp-json\/wp\/v2\/comments?post=66639"}],"wp:featuredmedia":[{"embeddable":true,"href":"https:\/\/europe.borealoutdoor.com\/de\/wp-json\/wp\/v2\/media\/60717"}],"wp:attachment":[{"href":"https:\/\/europe.borealoutdoor.com\/de\/wp-json\/wp\/v2\/media?parent=66639"}],"wp:term":[{"taxonomy":"product_cat","embeddable":true,"href":"https:\/\/europe.borealoutdoor.com\/de\/wp-json\/wp\/v2\/product_cat?post=66639"},{"taxonomy":"product_tag","embeddable":true,"href":"https:\/\/europe.borealoutdoor.com\/de\/wp-json\/wp\/v2\/product_tag?post=66639"}],"curies":[{"name":"wp","href":"https:\/\/api.w.org\/{rel}","templated":true}]}}