{"id":67306,"date":"2024-04-02T10:13:27","date_gmt":"2024-04-02T08:13:27","guid":{"rendered":"https:\/\/europe.borealoutdoor.com\/product\/aspen-girls\/"},"modified":"2024-04-11T10:46:46","modified_gmt":"2024-04-11T08:46:46","slug":"aspen-girls","status":"publish","type":"product","link":"https:\/\/europe.borealoutdoor.com\/de\/produkt\/aspen-girls\/","title":{"rendered":"ASPEN GIRLS"},"content":{"rendered":"<p>Aspen ist ein voll ausgestatteter, hochwertiger Wanderschuh f\u00fcr Kinderf\u00fc\u00dfe. Genau wie unsere Erwachsenenstiefel wird Aspen aus hochwertigen Materialien hergestellt, um unebenem Gel\u00e4nde und schlechtem Wetter standzuhalten. Perfekt f\u00fcr Wanderungen in den Ferien, bis hin zum Schulweg im Winter.<\/p>\n","protected":false},"excerpt":{"rendered":"<p>Aspen ist ein voll ausgestatteter, hochwertiger Wanderschuh f\u00fcr Kinderf\u00fc\u00dfe. Genau wie unsere Erwachsenenstiefel wird Aspen aus hochwertigen Materialien hergestellt, um unebenem Gel\u00e4nde und schlechtem Wetter standzuhalten. Perfekt f\u00fcr Wanderungen in den Ferien, bis hin zum Schulweg im Winter.<\/p>\n","protected":false},"featured_media":54874,"comment_status":"closed","ping_status":"open","template":"","meta":[],"product_cat":[391,385],"product_tag":[],"yoast_head":"<!-- This site is optimized with the Yoast SEO plugin v21.8.1 - https:\/\/yoast.com\/wordpress\/plugins\/seo\/ -->\n<title>ASPEN GIRLS - Boreal Europe<\/title>\n<meta name=\"robots\" content=\"index, follow, max-snippet:-1, max-image-preview:large, max-video-preview:-1\" \/>\n<link rel=\"canonical\" href=\"https:\/\/europe.borealoutdoor.com\/de\/produkt\/aspen-girls\/\" \/>\n<meta property=\"og:locale\" content=\"de_DE\" \/>\n<meta property=\"og:type\" content=\"article\" \/>\n<meta property=\"og:title\" content=\"ASPEN GIRLS - Boreal Europe\" \/>\n<meta property=\"og:description\" content=\"Aspen ist ein voll ausgestatteter, hochwertiger Wanderschuh f\u00fcr Kinderf\u00fc\u00dfe. Genau wie unsere Erwachsenenstiefel wird Aspen aus hochwertigen Materialien hergestellt, um unebenem Gel\u00e4nde und schlechtem Wetter standzuhalten. Perfekt f\u00fcr Wanderungen in den Ferien, bis hin zum Schulweg im Winter.\" \/>\n<meta property=\"og:url\" content=\"https:\/\/europe.borealoutdoor.com\/de\/produkt\/aspen-girls\/\" \/>\n<meta property=\"og:site_name\" content=\"Boreal Europe\" \/>\n<meta property=\"article:publisher\" content=\"https:\/\/www.facebook.com\/Boreal.official\/\" \/>\n<meta property=\"article:modified_time\" content=\"2024-04-11T08:46:46+00:00\" \/>\n<meta property=\"og:image\" content=\"https:\/\/europe.borealoutdoor.com\/wp-content\/uploads\/sites\/6\/2024\/04\/40136.jpg\" \/>\n\t<meta property=\"og:image:width\" content=\"1000\" \/>\n\t<meta property=\"og:image:height\" content=\"1000\" \/>\n\t<meta property=\"og:image:type\" content=\"image\/jpeg\" \/>\n<meta name=\"twitter:card\" content=\"summary_large_image\" \/>\n<meta name=\"twitter:site\" content=\"@borealoutdoor\" \/>\n<script type=\"application\/ld+json\" class=\"yoast-schema-graph\">{\"@context\":\"https:\/\/schema.org\",\"@graph\":[{\"@type\":\"WebPage\",\"@id\":\"https:\/\/europe.borealoutdoor.com\/de\/produkt\/aspen-girls\/\",\"url\":\"https:\/\/europe.borealoutdoor.com\/de\/produkt\/aspen-girls\/\",\"name\":\"ASPEN GIRLS - Boreal Europe\",\"isPartOf\":{\"@id\":\"https:\/\/europe.borealoutdoor.com\/de\/#website\"},\"datePublished\":\"2024-04-02T08:13:27+00:00\",\"dateModified\":\"2024-04-11T08:46:46+00:00\",\"breadcrumb\":{\"@id\":\"https:\/\/europe.borealoutdoor.com\/de\/produkt\/aspen-girls\/#breadcrumb\"},\"inLanguage\":\"de-DE\",\"potentialAction\":[{\"@type\":\"ReadAction\",\"target\":[\"https:\/\/europe.borealoutdoor.com\/de\/produkt\/aspen-girls\/\"]}]},{\"@type\":\"BreadcrumbList\",\"@id\":\"https:\/\/europe.borealoutdoor.com\/de\/produkt\/aspen-girls\/#breadcrumb\",\"itemListElement\":[{\"@type\":\"ListItem\",\"position\":1,\"name\":\"Portada\",\"item\":\"https:\/\/europe.borealoutdoor.com\/de\/startseite\/\"},{\"@type\":\"ListItem\",\"position\":2,\"name\":\"ASPEN GIRLS\"}]},{\"@type\":\"WebSite\",\"@id\":\"https:\/\/europe.borealoutdoor.com\/de\/#website\",\"url\":\"https:\/\/europe.borealoutdoor.com\/de\/\",\"name\":\"Boreal\",\"description\":\"\",\"publisher\":{\"@id\":\"https:\/\/europe.borealoutdoor.com\/de\/#organization\"},\"potentialAction\":[{\"@type\":\"SearchAction\",\"target\":{\"@type\":\"EntryPoint\",\"urlTemplate\":\"https:\/\/europe.borealoutdoor.com\/de\/?s={search_term_string}\"},\"query-input\":\"required name=search_term_string\"}],\"inLanguage\":\"de-DE\"},{\"@type\":\"Organization\",\"@id\":\"https:\/\/europe.borealoutdoor.com\/de\/#organization\",\"name\":\"Boreal\",\"url\":\"https:\/\/europe.borealoutdoor.com\/de\/\",\"logo\":{\"@type\":\"ImageObject\",\"inLanguage\":\"de-DE\",\"@id\":\"https:\/\/europe.borealoutdoor.com\/de\/#\/schema\/logo\/image\/\",\"url\":\"https:\/\/europe.borealoutdoor.com\/wp-content\/uploads\/sites\/6\/2023\/11\/logo-vertical2.png\",\"contentUrl\":\"https:\/\/europe.borealoutdoor.com\/wp-content\/uploads\/sites\/6\/2023\/11\/logo-vertical2.png\",\"width\":257,\"height\":168,\"caption\":\"Boreal\"},\"image\":{\"@id\":\"https:\/\/europe.borealoutdoor.com\/de\/#\/schema\/logo\/image\/\"},\"sameAs\":[\"https:\/\/www.facebook.com\/Boreal.official\/\",\"https:\/\/twitter.com\/borealoutdoor\",\"https:\/\/www.youtube.com\/user\/BorealVideos\",\"https:\/\/www.instagram.com\/borealoutdoor\/\"]}]}<\/script>\n<!-- \/ Yoast SEO plugin. -->","yoast_head_json":{"title":"ASPEN GIRLS - Boreal Europe","robots":{"index":"index","follow":"follow","max-snippet":"max-snippet:-1","max-image-preview":"max-image-preview:large","max-video-preview":"max-video-preview:-1"},"canonical":"https:\/\/europe.borealoutdoor.com\/de\/produkt\/aspen-girls\/","og_locale":"de_DE","og_type":"article","og_title":"ASPEN GIRLS - Boreal Europe","og_description":"Aspen ist ein voll ausgestatteter, hochwertiger Wanderschuh f\u00fcr Kinderf\u00fc\u00dfe. Genau wie unsere Erwachsenenstiefel wird Aspen aus hochwertigen Materialien hergestellt, um unebenem Gel\u00e4nde und schlechtem Wetter standzuhalten. Perfekt f\u00fcr Wanderungen in den Ferien, bis hin zum Schulweg im Winter.","og_url":"https:\/\/europe.borealoutdoor.com\/de\/produkt\/aspen-girls\/","og_site_name":"Boreal Europe","article_publisher":"https:\/\/www.facebook.com\/Boreal.official\/","article_modified_time":"2024-04-11T08:46:46+00:00","og_image":[{"width":1000,"height":1000,"url":"https:\/\/europe.borealoutdoor.com\/wp-content\/uploads\/sites\/6\/2024\/04\/40136.jpg","type":"image\/jpeg"}],"twitter_card":"summary_large_image","twitter_site":"@borealoutdoor","schema":{"@context":"https:\/\/schema.org","@graph":[{"@type":"WebPage","@id":"https:\/\/europe.borealoutdoor.com\/de\/produkt\/aspen-girls\/","url":"https:\/\/europe.borealoutdoor.com\/de\/produkt\/aspen-girls\/","name":"ASPEN GIRLS - Boreal Europe","isPartOf":{"@id":"https:\/\/europe.borealoutdoor.com\/de\/#website"},"datePublished":"2024-04-02T08:13:27+00:00","dateModified":"2024-04-11T08:46:46+00:00","breadcrumb":{"@id":"https:\/\/europe.borealoutdoor.com\/de\/produkt\/aspen-girls\/#breadcrumb"},"inLanguage":"de-DE","potentialAction":[{"@type":"ReadAction","target":["https:\/\/europe.borealoutdoor.com\/de\/produkt\/aspen-girls\/"]}]},{"@type":"BreadcrumbList","@id":"https:\/\/europe.borealoutdoor.com\/de\/produkt\/aspen-girls\/#breadcrumb","itemListElement":[{"@type":"ListItem","position":1,"name":"Portada","item":"https:\/\/europe.borealoutdoor.com\/de\/startseite\/"},{"@type":"ListItem","position":2,"name":"ASPEN GIRLS"}]},{"@type":"WebSite","@id":"https:\/\/europe.borealoutdoor.com\/de\/#website","url":"https:\/\/europe.borealoutdoor.com\/de\/","name":"Boreal","description":"","publisher":{"@id":"https:\/\/europe.borealoutdoor.com\/de\/#organization"},"potentialAction":[{"@type":"SearchAction","target":{"@type":"EntryPoint","urlTemplate":"https:\/\/europe.borealoutdoor.com\/de\/?s={search_term_string}"},"query-input":"required name=search_term_string"}],"inLanguage":"de-DE"},{"@type":"Organization","@id":"https:\/\/europe.borealoutdoor.com\/de\/#organization","name":"Boreal","url":"https:\/\/europe.borealoutdoor.com\/de\/","logo":{"@type":"ImageObject","inLanguage":"de-DE","@id":"https:\/\/europe.borealoutdoor.com\/de\/#\/schema\/logo\/image\/","url":"https:\/\/europe.borealoutdoor.com\/wp-content\/uploads\/sites\/6\/2023\/11\/logo-vertical2.png","contentUrl":"https:\/\/europe.borealoutdoor.com\/wp-content\/uploads\/sites\/6\/2023\/11\/logo-vertical2.png","width":257,"height":168,"caption":"Boreal"},"image":{"@id":"https:\/\/europe.borealoutdoor.com\/de\/#\/schema\/logo\/image\/"},"sameAs":["https:\/\/www.facebook.com\/Boreal.official\/","https:\/\/twitter.com\/borealoutdoor","https:\/\/www.youtube.com\/user\/BorealVideos","https:\/\/www.instagram.com\/borealoutdoor\/"]}]}},"_links":{"self":[{"href":"https:\/\/europe.borealoutdoor.com\/de\/wp-json\/wp\/v2\/product\/67306"}],"collection":[{"href":"https:\/\/europe.borealoutdoor.com\/de\/wp-json\/wp\/v2\/product"}],"about":[{"href":"https:\/\/europe.borealoutdoor.com\/de\/wp-json\/wp\/v2\/types\/product"}],"replies":[{"embeddable":true,"href":"https:\/\/europe.borealoutdoor.com\/de\/wp-json\/wp\/v2\/comments?post=67306"}],"wp:featuredmedia":[{"embeddable":true,"href":"https:\/\/europe.borealoutdoor.com\/de\/wp-json\/wp\/v2\/media\/54874"}],"wp:attachment":[{"href":"https:\/\/europe.borealoutdoor.com\/de\/wp-json\/wp\/v2\/media?parent=67306"}],"wp:term":[{"taxonomy":"product_cat","embeddable":true,"href":"https:\/\/europe.borealoutdoor.com\/de\/wp-json\/wp\/v2\/product_cat?post=67306"},{"taxonomy":"product_tag","embeddable":true,"href":"https:\/\/europe.borealoutdoor.com\/de\/wp-json\/wp\/v2\/product_tag?post=67306"}],"curies":[{"name":"wp","href":"https:\/\/api.w.org\/{rel}","templated":true}]}}