{"id":97591,"date":"2026-05-05T09:10:50","date_gmt":"2026-05-05T07:10:50","guid":{"rendered":"https:\/\/europe.borealoutdoor.com\/product\/joker-plus-wmns-v-rd\/"},"modified":"2026-05-05T09:43:09","modified_gmt":"2026-05-05T07:43:09","slug":"joker-plus-wmns-v-rd","status":"publish","type":"product","link":"https:\/\/europe.borealoutdoor.com\/de\/produkt\/joker-plus-wmns-v-rd\/","title":{"rendered":"JOKER PLUS WMNS V\/RD"},"content":{"rendered":"<p>Der Joker plus ist seit langem als Schuh f\u00fcr lange Routen etabliert, und die neuesten Updates stellen sicher, dass dieser Status beibehalten wird. Joker plus bietet eine perfekte Mischung aus Passform, Unterst\u00fctzung und Pr\u00e4zision. Was ihn zum idealen Schuh f\u00fcr diejenigen macht, die ihr K\u00f6nnen verbessern wollen, ohne auf Komfort verzichten zu m\u00fcssen.<\/p>\n","protected":false},"excerpt":{"rendered":"<p>Der Joker plus ist seit langem als Schuh f\u00fcr lange Routen etabliert, und die neuesten Updates stellen sicher, dass dieser Status beibehalten wird. Joker plus bietet eine perfekte Mischung aus Passform, Unterst\u00fctzung und Pr\u00e4zision. Was ihn zum idealen Schuh f\u00fcr [&hellip;]<\/p>\n","protected":false},"featured_media":96721,"comment_status":"closed","ping_status":"closed","template":"","meta":[],"product_cat":[1011],"product_tag":[],"yoast_head":"<!-- This site is optimized with the Yoast SEO plugin v21.8.1 - https:\/\/yoast.com\/wordpress\/plugins\/seo\/ -->\n<title>JOKER PLUS WMNS V\/RD - Boreal Europe<\/title>\n<meta name=\"robots\" content=\"index, follow, max-snippet:-1, max-image-preview:large, max-video-preview:-1\" \/>\n<link rel=\"canonical\" href=\"https:\/\/europe.borealoutdoor.com\/de\/produkt\/joker-plus-wmns-v-rd\/\" \/>\n<meta property=\"og:locale\" content=\"de_DE\" \/>\n<meta property=\"og:type\" content=\"article\" \/>\n<meta property=\"og:title\" content=\"JOKER PLUS WMNS V\/RD - Boreal Europe\" \/>\n<meta property=\"og:description\" content=\"Der Joker plus ist seit langem als Schuh f\u00fcr lange Routen etabliert, und die neuesten Updates stellen sicher, dass dieser Status beibehalten wird. Joker plus bietet eine perfekte Mischung aus Passform, Unterst\u00fctzung und Pr\u00e4zision. Was ihn zum idealen Schuh f\u00fcr [&hellip;]\" \/>\n<meta property=\"og:url\" content=\"https:\/\/europe.borealoutdoor.com\/de\/produkt\/joker-plus-wmns-v-rd\/\" \/>\n<meta property=\"og:site_name\" content=\"Boreal Europe\" \/>\n<meta property=\"article:publisher\" content=\"https:\/\/www.facebook.com\/Boreal.official\/\" \/>\n<meta property=\"article:modified_time\" content=\"2026-05-05T07:43:09+00:00\" \/>\n<meta property=\"og:image\" content=\"https:\/\/europe.borealoutdoor.com\/wp-content\/uploads\/sites\/6\/2026\/05\/11392.jpg\" \/>\n\t<meta property=\"og:image:width\" content=\"1000\" \/>\n\t<meta property=\"og:image:height\" content=\"1000\" \/>\n\t<meta property=\"og:image:type\" content=\"image\/jpeg\" \/>\n<meta name=\"twitter:card\" content=\"summary_large_image\" \/>\n<meta name=\"twitter:site\" content=\"@borealoutdoor\" \/>\n<script type=\"application\/ld+json\" class=\"yoast-schema-graph\">{\"@context\":\"https:\/\/schema.org\",\"@graph\":[{\"@type\":\"WebPage\",\"@id\":\"https:\/\/europe.borealoutdoor.com\/de\/produkt\/joker-plus-wmns-v-rd\/\",\"url\":\"https:\/\/europe.borealoutdoor.com\/de\/produkt\/joker-plus-wmns-v-rd\/\",\"name\":\"JOKER PLUS WMNS V\/RD - Boreal Europe\",\"isPartOf\":{\"@id\":\"https:\/\/europe.borealoutdoor.com\/de\/#website\"},\"datePublished\":\"2026-05-05T07:10:50+00:00\",\"dateModified\":\"2026-05-05T07:43:09+00:00\",\"breadcrumb\":{\"@id\":\"https:\/\/europe.borealoutdoor.com\/de\/produkt\/joker-plus-wmns-v-rd\/#breadcrumb\"},\"inLanguage\":\"de-DE\",\"potentialAction\":[{\"@type\":\"ReadAction\",\"target\":[\"https:\/\/europe.borealoutdoor.com\/de\/produkt\/joker-plus-wmns-v-rd\/\"]}]},{\"@type\":\"BreadcrumbList\",\"@id\":\"https:\/\/europe.borealoutdoor.com\/de\/produkt\/joker-plus-wmns-v-rd\/#breadcrumb\",\"itemListElement\":[{\"@type\":\"ListItem\",\"position\":1,\"name\":\"Portada\",\"item\":\"https:\/\/europe.borealoutdoor.com\/de\/startseite\/\"},{\"@type\":\"ListItem\",\"position\":2,\"name\":\"JOKER PLUS WMNS V\/RD\"}]},{\"@type\":\"WebSite\",\"@id\":\"https:\/\/europe.borealoutdoor.com\/de\/#website\",\"url\":\"https:\/\/europe.borealoutdoor.com\/de\/\",\"name\":\"Boreal\",\"description\":\"\",\"publisher\":{\"@id\":\"https:\/\/europe.borealoutdoor.com\/de\/#organization\"},\"potentialAction\":[{\"@type\":\"SearchAction\",\"target\":{\"@type\":\"EntryPoint\",\"urlTemplate\":\"https:\/\/europe.borealoutdoor.com\/de\/?s={search_term_string}\"},\"query-input\":\"required name=search_term_string\"}],\"inLanguage\":\"de-DE\"},{\"@type\":\"Organization\",\"@id\":\"https:\/\/europe.borealoutdoor.com\/de\/#organization\",\"name\":\"Boreal\",\"url\":\"https:\/\/europe.borealoutdoor.com\/de\/\",\"logo\":{\"@type\":\"ImageObject\",\"inLanguage\":\"de-DE\",\"@id\":\"https:\/\/europe.borealoutdoor.com\/de\/#\/schema\/logo\/image\/\",\"url\":\"https:\/\/europe.borealoutdoor.com\/wp-content\/uploads\/sites\/6\/2023\/11\/logo-vertical2.png\",\"contentUrl\":\"https:\/\/europe.borealoutdoor.com\/wp-content\/uploads\/sites\/6\/2023\/11\/logo-vertical2.png\",\"width\":257,\"height\":168,\"caption\":\"Boreal\"},\"image\":{\"@id\":\"https:\/\/europe.borealoutdoor.com\/de\/#\/schema\/logo\/image\/\"},\"sameAs\":[\"https:\/\/www.facebook.com\/Boreal.official\/\",\"https:\/\/twitter.com\/borealoutdoor\",\"https:\/\/www.youtube.com\/user\/BorealVideos\",\"https:\/\/www.instagram.com\/borealoutdoor\/\"]}]}<\/script>\n<!-- \/ Yoast SEO plugin. -->","yoast_head_json":{"title":"JOKER PLUS WMNS V\/RD - Boreal Europe","robots":{"index":"index","follow":"follow","max-snippet":"max-snippet:-1","max-image-preview":"max-image-preview:large","max-video-preview":"max-video-preview:-1"},"canonical":"https:\/\/europe.borealoutdoor.com\/de\/produkt\/joker-plus-wmns-v-rd\/","og_locale":"de_DE","og_type":"article","og_title":"JOKER PLUS WMNS V\/RD - Boreal Europe","og_description":"Der Joker plus ist seit langem als Schuh f\u00fcr lange Routen etabliert, und die neuesten Updates stellen sicher, dass dieser Status beibehalten wird. Joker plus bietet eine perfekte Mischung aus Passform, Unterst\u00fctzung und Pr\u00e4zision. Was ihn zum idealen Schuh f\u00fcr [&hellip;]","og_url":"https:\/\/europe.borealoutdoor.com\/de\/produkt\/joker-plus-wmns-v-rd\/","og_site_name":"Boreal Europe","article_publisher":"https:\/\/www.facebook.com\/Boreal.official\/","article_modified_time":"2026-05-05T07:43:09+00:00","og_image":[{"width":1000,"height":1000,"url":"https:\/\/europe.borealoutdoor.com\/wp-content\/uploads\/sites\/6\/2026\/05\/11392.jpg","type":"image\/jpeg"}],"twitter_card":"summary_large_image","twitter_site":"@borealoutdoor","schema":{"@context":"https:\/\/schema.org","@graph":[{"@type":"WebPage","@id":"https:\/\/europe.borealoutdoor.com\/de\/produkt\/joker-plus-wmns-v-rd\/","url":"https:\/\/europe.borealoutdoor.com\/de\/produkt\/joker-plus-wmns-v-rd\/","name":"JOKER PLUS WMNS V\/RD - Boreal Europe","isPartOf":{"@id":"https:\/\/europe.borealoutdoor.com\/de\/#website"},"datePublished":"2026-05-05T07:10:50+00:00","dateModified":"2026-05-05T07:43:09+00:00","breadcrumb":{"@id":"https:\/\/europe.borealoutdoor.com\/de\/produkt\/joker-plus-wmns-v-rd\/#breadcrumb"},"inLanguage":"de-DE","potentialAction":[{"@type":"ReadAction","target":["https:\/\/europe.borealoutdoor.com\/de\/produkt\/joker-plus-wmns-v-rd\/"]}]},{"@type":"BreadcrumbList","@id":"https:\/\/europe.borealoutdoor.com\/de\/produkt\/joker-plus-wmns-v-rd\/#breadcrumb","itemListElement":[{"@type":"ListItem","position":1,"name":"Portada","item":"https:\/\/europe.borealoutdoor.com\/de\/startseite\/"},{"@type":"ListItem","position":2,"name":"JOKER PLUS WMNS V\/RD"}]},{"@type":"WebSite","@id":"https:\/\/europe.borealoutdoor.com\/de\/#website","url":"https:\/\/europe.borealoutdoor.com\/de\/","name":"Boreal","description":"","publisher":{"@id":"https:\/\/europe.borealoutdoor.com\/de\/#organization"},"potentialAction":[{"@type":"SearchAction","target":{"@type":"EntryPoint","urlTemplate":"https:\/\/europe.borealoutdoor.com\/de\/?s={search_term_string}"},"query-input":"required name=search_term_string"}],"inLanguage":"de-DE"},{"@type":"Organization","@id":"https:\/\/europe.borealoutdoor.com\/de\/#organization","name":"Boreal","url":"https:\/\/europe.borealoutdoor.com\/de\/","logo":{"@type":"ImageObject","inLanguage":"de-DE","@id":"https:\/\/europe.borealoutdoor.com\/de\/#\/schema\/logo\/image\/","url":"https:\/\/europe.borealoutdoor.com\/wp-content\/uploads\/sites\/6\/2023\/11\/logo-vertical2.png","contentUrl":"https:\/\/europe.borealoutdoor.com\/wp-content\/uploads\/sites\/6\/2023\/11\/logo-vertical2.png","width":257,"height":168,"caption":"Boreal"},"image":{"@id":"https:\/\/europe.borealoutdoor.com\/de\/#\/schema\/logo\/image\/"},"sameAs":["https:\/\/www.facebook.com\/Boreal.official\/","https:\/\/twitter.com\/borealoutdoor","https:\/\/www.youtube.com\/user\/BorealVideos","https:\/\/www.instagram.com\/borealoutdoor\/"]}]}},"_links":{"self":[{"href":"https:\/\/europe.borealoutdoor.com\/de\/wp-json\/wp\/v2\/product\/97591"}],"collection":[{"href":"https:\/\/europe.borealoutdoor.com\/de\/wp-json\/wp\/v2\/product"}],"about":[{"href":"https:\/\/europe.borealoutdoor.com\/de\/wp-json\/wp\/v2\/types\/product"}],"replies":[{"embeddable":true,"href":"https:\/\/europe.borealoutdoor.com\/de\/wp-json\/wp\/v2\/comments?post=97591"}],"wp:featuredmedia":[{"embeddable":true,"href":"https:\/\/europe.borealoutdoor.com\/de\/wp-json\/wp\/v2\/media\/96721"}],"wp:attachment":[{"href":"https:\/\/europe.borealoutdoor.com\/de\/wp-json\/wp\/v2\/media?parent=97591"}],"wp:term":[{"taxonomy":"product_cat","embeddable":true,"href":"https:\/\/europe.borealoutdoor.com\/de\/wp-json\/wp\/v2\/product_cat?post=97591"},{"taxonomy":"product_tag","embeddable":true,"href":"https:\/\/europe.borealoutdoor.com\/de\/wp-json\/wp\/v2\/product_tag?post=97591"}],"curies":[{"name":"wp","href":"https:\/\/api.w.org\/{rel}","templated":true}]}}