{"id":41167,"date":"2023-01-16T09:51:17","date_gmt":"2023-01-16T08:51:17","guid":{"rendered":"https:\/\/europe.borealoutdoor.com\/politica-de-privacidad\/"},"modified":"2025-02-25T13:37:14","modified_gmt":"2025-02-25T12:37:14","slug":"politica-de-privacidad","status":"publish","type":"page","link":"https:\/\/europe.borealoutdoor.com\/es\/politica-de-privacidad\/","title":{"rendered":"Pol\u00edtica de privacidad"},"content":{"rendered":"\n<div style=\"height:50px\" aria-hidden=\"true\" class=\"wp-block-spacer\"><\/div>\n\n<h1 class=\"wp-block-heading\">POL\u00cdTICA DE PRIVACIDAD<\/h1>\n\n<div style=\"height:30px\" aria-hidden=\"true\" class=\"wp-block-spacer\"><\/div>\n\n<p><strong>POL\u00cdTICA DE PRIVACIDAD DEL SITIO WEB www.borealoutdoor.com<\/strong><\/p>\n\n<p>La presente pol\u00edtica de privacidad describe las formas en la que recogemos la informaci\u00f3n, con qu\u00e9 fin la utilizamos y c\u00f3mo la gestionamos. Su privacidad es importante para nosotros y le otorgamos una gran importancia, por eso deseamos expresar el m\u00e1ximo compromiso con la protecci\u00f3n de los datos personales de nuestros Usuarios. Hemos implementado las medidas t\u00e9cnicas y organizativas necesarias para asegurar la confidencialidad de sus datos, dando cumplimiento al Reglamento General de Protecci\u00f3n de Datos aprobado por la Uni\u00f3n Europea (RGPD) y a la Ley Org\u00e1nica 3\/2018 de 5 de diciembre (LOPDGDD).  <\/p>\n\n<h2 class=\"wp-block-heading\"><strong>\u00bfQUI\u00c9N ES EL RESPONSABLE DEL TRATAMIENTO?<\/strong><\/h2>\n\n<p>Raz\u00f3n Social: CALZADOS BOREAL, S.L.(en adelante, la \u201cEmpresa\u201d o el \u201cResponsable\u201d).<br\/>CIF: B03091527<br\/>Domicilio: ALTOS DE LA CONDOMINA, 15- 03400 \u2013 VILLENA- ALICANTE<br\/>Tel\u00e9fono: +34 965800589<br\/>Email para comunicaciones en materia de Protecci\u00f3n de datos: &#x69;&#x6e;&#x66;&#x6f;&#x40;&#x62;&#x6f;&#x72;&#x65;&#x61;&#x6c;&#x6f;&#x75;&#x74;&#x64;&#x6f;&#x6f;&#x72;&#x2e;&#x63;&#x6f;&#x6d;<\/p>\n\n<h2 class=\"wp-block-heading\"><strong>\u00bfCU\u00c1LES SON LAS FINALIDADES DEL TRATAMIENTO? \u00bfCU\u00c1L ES LA LEGITIMACI\u00d3N DEL TRATAMIENTO? <\/strong><\/h2>\n\n<p>Los datos personales de los interesados se tratar\u00e1n por CALZADOS BOREAL, S.L. de acuerdo con las siguientes finalidades, dependiendo del momento en el que se aporte dicha informaci\u00f3n:<\/p>\n\n<p>1. Con el objeto de atender sus consultas o enviarle informaci\u00f3n relacionada con su solicitud, puede ser necesario que obtengamos informaci\u00f3n por su parte, en tal caso, le solicitaremos que nos la proporcione voluntariamente de forma expresa. \u00danicamente debe enviarnos los datos de los que usted es titular, o bien de terceros, si es su representante legal o ha obtenido su consentimiento inequ\u00edvoco. La base jur\u00eddica del tratamiento se corresponde con el art. 6.1 a) RGPD (consentimiento del interesado).   <\/p>\n\n<p>2. Para la tramitaci\u00f3n de altas como cliente, actualizaci\u00f3n de los datos y gesti\u00f3n de la relaci\u00f3n mercantil que pudiera existir. Los datos ser\u00e1n recogidos a trav\u00e9s del correspondiente formulario de registro, inicialmente, y de las transacciones comerciales, posteriormente. En concreto, se engloban las siguientes acciones:  <\/p>\n\n<p> \u2022 Creaci\u00f3n de la cuenta como cliente a trav\u00e9s de la web, utilizando los distintos enlaces habilitados por CALZADOS BOREAL, S.L. al respecto. Para ello, se atiende a la base legal contemplada en el art. 6.1 a) RPGD (consentimiento del interesado).<\/p>\n\n<p> \u2022 Administraci\u00f3n y gesti\u00f3n de la relaci\u00f3n contractual existente con el cliente, de acuerdo con el art. 6.1 b) RGPD.<\/p>\n\n<p> \u2022 An\u00e1lisis de los clientes, a fin de poder llevar a cabo estudios de mercado y encuestas de opini\u00f3n, justificado por el inter\u00e9s leg\u00edtimo, de acuerdo con el art\u00edculo 6.1 f) RGPD.<\/p>\n\n<p> \u2022 Cumplir con nuestras obligaciones contractuales en el caso de que usted haya decidido adquirir alguno de nuestros productos y\/o servicios, as\u00ed como realizar la gesti\u00f3n administrativa, fiscal y contable derivada de los trabajos que hemos realizado. Esta finalidad se basa en el art\u00edculo 6.1 c) del RGPD: cumplimiento de una obligaci\u00f3n legal aplicable a la empresa. <\/p>\n\n<p>3. Gestionar las suscripciones para recibir informaci\u00f3n comercial sobre CALZADOS BOREAL, S.L., para lo que se recaba el consentimiento del interesado en nuestra newsletter, a trav\u00e9s de los mecanismos habilitados al respecto en la web. El tratamiento est\u00e1 basado en el art. 6.1 a) RGPD (consentimiento del interesado), el cual puede ser retirado en cualquier momento sin que ello afecte a la licitud del tratamiento previo a su retirada. <\/p>\n\n<p>4. Para fines anal\u00edticos y\/o estad\u00edsticos, en el caso de que usted acepte las cookies utilizadas por el sitio web para estas finalidades. El tratamiento se basa en el consentimiento recabado al usuario, de acuerdo con el art\u00edculo 6.1 a) RGPD y art. 22 LSSI. Puedes obtener m\u00e1s informaci\u00f3n en nuestra Pol\u00edtica de Cookies.  <\/p>\n\n<p>5. Participar en los posibles procesos de selecci\u00f3n de personal que pudi\u00e9ramos realizar en el caso de que usted nos env\u00ede su curriculum vitae. La base jur\u00eddica del tratamiento radica en el consentimiento del interesado, de acuerdo con el art. 6.1 a) RGPD. <\/p>\n\n<h2 class=\"wp-block-heading\"><strong>\u00bfCU\u00c1LES SON LOS CRITERIOS DE CONSERVACI\u00d3N DE LOS DATOS?<\/strong><\/h2>\n\n<p>Conservaremos los datos durante el periodo de prescripci\u00f3n de las obligaciones legales, y entretanto contin\u00fae existiendo inter\u00e9s en mantener las relaciones por ambas partes, de manera que procederemos a la supresi\u00f3n de los mismos cuando ya no sea necesario alcanzar las finalidades que hubieran justificado el tratamiento de los mismos. En el caso de que sea el consentimiento la base que nos legitim\u00f3, ser\u00e1n tratados mientras no revoques tu consentimiento para el tratamiento. Para revocarlo, consulta el apartado de \u00bfD\u00d3NDE PUEDE EJERCER LOS DERECHOS?   <\/p>\n\n<p>No obstante, posteriormente, los datos permanecer\u00e1n bloqueados durante el tiempo de prescripci\u00f3n de las responsabilidades que pudieran derivarse del tratamiento y\/o finalidad.<\/p>\n\n<h2 class=\"wp-block-heading\"><strong>\u00bfC\u00d3MO DEBO ACTUALIZAR MIS DATOS PERSONALES?<\/strong><\/h2>\n\n<p>El Usuario garantiza que los datos personales que nos ha facilitado a trav\u00e9s de este sitio web son veraces, correctos, actuales y completos. El Usuario deber\u00e1 comunicarnos cualquier modificaci\u00f3n o actualizaci\u00f3n de los mismos, mediante el env\u00edo de una comunicaci\u00f3n a las direcciones postales o electr\u00f3nicas se\u00f1aladas en el apartado \u00bfd\u00f3nde puede ejercer los derechos? <\/p>\n\n<h2 class=\"wp-block-heading\"><strong>\u00bfCU\u00c1LES SON LOS DESTINATARIOS DE LA INFORMACI\u00d3N?<\/strong><\/h2>\n\n<p>No cederemos informaci\u00f3n a terceros salvo obligaci\u00f3n legal y las necesarias para prestar los servicios, o bien en el caso de que usted preste su consentimiento expreso e inequ\u00edvoco.<\/p>\n\n<h2 class=\"wp-block-heading\"><strong>\u00bfEXISTEN TRANSFERENCIAS INTERNACIONALES DE DATOS?<\/strong><\/h2>\n\n<p>CALZADOS BOREAL, S.L. no tiene intenci\u00f3n de efectuar trasferencias internacionales de sus datos. No obstante, podremos utilizar proveedores de servicios y procesadores de datos que trabajen en nombre de CALZADOS BOREAL, S.L.. Los servicios pueden incluir servicios de alojamiento de sistemas y de mantenimiento, servicios de an\u00e1lisis, servicios de mensajer\u00eda por email, etc. Estas terceras empresas tienen la obligaci\u00f3n de garantizar que la informaci\u00f3n se procesa de acuerdo con la normativa en vigor. Por nuestra parte, siempre haremos nuestro mayor esfuerzo para garantizar que todos los terceros con los que trabajamos mantengan la seguridad de tus datos personales.   <\/p>\n\n<h2 class=\"wp-block-heading\"><strong>\u00bfQU\u00c9 DERECHOS TIENEN LOS INTERESADOS?<\/strong><\/h2>\n\n<p>Cualquier persona tiene derecho a obtener confirmaci\u00f3n sobre si estamos tratando datos personales que les conciernan, o no. Las personas interesadas tienen derecho a si acceder a sus datos personales, as\u00ed como a solicitar la rectificaci\u00f3n de los datos inexactos o, en su caso, solicitar su supresi\u00f3n cuando, entre otros motivos, los datos ya no sean necesarios para los fines que fueron recogidos. <\/p>\n\n<p>En determinadas circunstancias, los interesados podr\u00e1n solicitar la limitaci\u00f3n del tratamiento de sus datos, en cuyo caso \u00fanicamente los conservaremos para el ejercicio o la defensa de reclamaciones. En determinadas circunstancias y por motivos relacionados con su situaci\u00f3n particular, los interesados podr\u00e1n oponerse al tratamiento de sus datos. En este caso dejaremos de tratar los datos, salvo por motivos leg\u00edtimos imperiosos, o el ejercicio o la defensa de posibles reclamaciones. Tambi\u00e9n tendr\u00e1n derecho a retirar el consentimiento al tratamiento de sus datos en cualquier momento cuando la base que leg\u00edtima el mismo sea la obtenci\u00f3n del propio consentimiento del interesado.   <\/p>\n\n<p>Podr\u00e1n presentar una reclamaci\u00f3n ante la Autoridad de Control en materia de Protecci\u00f3n de Datos competente, como la Agencia Espa\u00f1ola de Protecci\u00f3n de datos, especialmente cuando no haya obtenido satisfacci\u00f3n en el ejercicio de sus derechos o crea que el tratamiento de datos no es adecuado con la legalidad vigente.<\/p>\n\n<h2 class=\"wp-block-heading\"><strong>\u00bfD\u00d3NDE PUEDE EJERCER LOS DERECHOS?<\/strong><em><\/em><\/h2>\n\n<p><em>Mediante comunicaci\u00f3n escrita dirigida a CALZADOS BOREAL, S.L., ALTOS DE LA CONDOMINA, 15, VILLENA, 03400 (ALICANTE) o bien, mediante el env\u00edo de un correo electr\u00f3nico a la direcci\u00f3n &#105;&#110;&#x66;o&#64;&#x62;&#x6f;r&#101;&#x61;&#x6c;o&#117;&#x74;d&#111;&#x6f;&#x72;&#46;&#99;&#x6f;&#x6d;, identific\u00e1ndose y concretando su solicitud.<\/em><\/p>\n\n<p><em>En las comunicaciones comerciales incluidos los newsletter usted podr\u00e1 revocar el consentimiento otorgado mediante el env\u00edo de un correo electr\u00f3nico a nuestra direcci\u00f3n &#x69;&#110;f&#x6f;&#64;b&#x6f;&#114;e&#x61;&#x6c;&#111;&#x75;&#x74;&#100;o&#x6f;&#114;&#46;&#x63;&#111;m indicando en el mensaje la frase \u201cBaja del Servicio de Comunicaciones\u201d, o bien pulsando sobre el enlace de baja si en el mensaje del correo as\u00ed se indica.<\/em><\/p>\n\n<h2 class=\"wp-block-heading\"><strong>MEDIDAS DE SEGURIDAD<\/strong><\/h2>\n\n<p>Que de conformidad con lo dispuesto en las normativas vigentes en protecci\u00f3n de datos personales, el RESPONSABLE est\u00e1 cumpliendo con todas las disposiciones del REGLAMENTO GENERAL DE PROTECCION DE DATOS (RGPD) para el tratamiento de los datos personales de su responsabilidad, y manifiestamente con los principios descritos en el art\u00edculo 5, por los cuales son tratados de manera l\u00edcita, leal y transparente en relaci\u00f3n con el interesado y adecuados, pertinentes y limitados a lo necesario en relaci\u00f3n con los fines para los que son tratados. El RESPONSABLE garantiza que ha implementado pol\u00edticas t\u00e9cnicas y organizativas apropiadas para aplicar las medidas de seguridad que establecen el RGPD con el fin de proteger los derechos y libertades de los Usuarios y les ha comunicado la informaci\u00f3n adecuada para que puedan ejercerlos. <\/p>\n\n<h2 class=\"wp-block-heading\"><strong>ACEPTACI\u00d3N Y CONSENTIMIENTO<\/strong><\/h2>\n\n<p>El usuario manifiesta que ha sido informado sobre nuestra pol\u00edtica de protecci\u00f3n de datos y consiente su tratamiento con las finalidades expresadas anteriormente. Se advierte que algunos de los servicios prestados en la Web podr\u00e1n tener condiciones particulares, en tal caso se informar\u00e1 debidamente a los usuarios. <\/p>\n","protected":false},"excerpt":{"rendered":"<p>POL\u00cdTICA DE PRIVACIDAD POL\u00cdTICA DE PRIVACIDAD DEL SITIO WEB www.borealoutdoor.com La presente pol\u00edtica de privacidad describe las formas en la que recogemos la informaci\u00f3n, con qu\u00e9 fin la utilizamos y c\u00f3mo la gestionamos. Su privacidad es importante para nosotros y [&hellip;]<\/p>\n","protected":false},"author":1,"featured_media":0,"parent":0,"menu_order":0,"comment_status":"closed","ping_status":"closed","template":"","meta":[],"yoast_head":"<!-- This site is optimized with the Yoast SEO plugin v21.8.1 - https:\/\/yoast.com\/wordpress\/plugins\/seo\/ -->\n<title>Pol\u00edtica de privacidad - Boreal Europe<\/title>\n<meta name=\"robots\" content=\"index, follow, max-snippet:-1, max-image-preview:large, max-video-preview:-1\" \/>\n<link rel=\"canonical\" href=\"https:\/\/europe.borealoutdoor.com\/es\/politica-de-privacidad\/\" \/>\n<meta property=\"og:locale\" content=\"es_ES\" \/>\n<meta property=\"og:type\" content=\"article\" \/>\n<meta property=\"og:title\" content=\"Pol\u00edtica de privacidad - Boreal Europe\" \/>\n<meta property=\"og:description\" content=\"POL\u00cdTICA DE PRIVACIDAD POL\u00cdTICA DE PRIVACIDAD DEL SITIO WEB www.borealoutdoor.com La presente pol\u00edtica de privacidad describe las formas en la que recogemos la informaci\u00f3n, con qu\u00e9 fin la utilizamos y c\u00f3mo la gestionamos. Su privacidad es importante para nosotros y [&hellip;]\" \/>\n<meta property=\"og:url\" content=\"https:\/\/europe.borealoutdoor.com\/es\/politica-de-privacidad\/\" \/>\n<meta property=\"og:site_name\" content=\"Boreal Europe\" \/>\n<meta property=\"article:publisher\" content=\"https:\/\/www.facebook.com\/Boreal.official\/\" \/>\n<meta property=\"article:modified_time\" content=\"2025-02-25T12:37:14+00:00\" \/>\n<meta name=\"twitter:card\" content=\"summary_large_image\" \/>\n<meta name=\"twitter:site\" content=\"@borealoutdoor\" \/>\n<meta name=\"twitter:label1\" content=\"Tiempo de lectura\" \/>\n\t<meta name=\"twitter:data1\" content=\"8 minutos\" \/>\n<script type=\"application\/ld+json\" class=\"yoast-schema-graph\">{\"@context\":\"https:\/\/schema.org\",\"@graph\":[{\"@type\":\"WebPage\",\"@id\":\"https:\/\/europe.borealoutdoor.com\/es\/politica-de-privacidad\/\",\"url\":\"https:\/\/europe.borealoutdoor.com\/es\/politica-de-privacidad\/\",\"name\":\"Pol\u00edtica de privacidad - Boreal Europe\",\"isPartOf\":{\"@id\":\"https:\/\/europe.borealoutdoor.com\/es\/#website\"},\"datePublished\":\"2023-01-16T08:51:17+00:00\",\"dateModified\":\"2025-02-25T12:37:14+00:00\",\"breadcrumb\":{\"@id\":\"https:\/\/europe.borealoutdoor.com\/es\/politica-de-privacidad\/#breadcrumb\"},\"inLanguage\":\"es\",\"potentialAction\":[{\"@type\":\"ReadAction\",\"target\":[\"https:\/\/europe.borealoutdoor.com\/es\/politica-de-privacidad\/\"]}]},{\"@type\":\"BreadcrumbList\",\"@id\":\"https:\/\/europe.borealoutdoor.com\/es\/politica-de-privacidad\/#breadcrumb\",\"itemListElement\":[{\"@type\":\"ListItem\",\"position\":1,\"name\":\"Portada\",\"item\":\"https:\/\/europe.borealoutdoor.com\/es\/home\/\"},{\"@type\":\"ListItem\",\"position\":2,\"name\":\"Pol\u00edtica de privacidad\"}]},{\"@type\":\"WebSite\",\"@id\":\"https:\/\/europe.borealoutdoor.com\/es\/#website\",\"url\":\"https:\/\/europe.borealoutdoor.com\/es\/\",\"name\":\"Boreal\",\"description\":\"\",\"publisher\":{\"@id\":\"https:\/\/europe.borealoutdoor.com\/es\/#organization\"},\"potentialAction\":[{\"@type\":\"SearchAction\",\"target\":{\"@type\":\"EntryPoint\",\"urlTemplate\":\"https:\/\/europe.borealoutdoor.com\/es\/?s={search_term_string}\"},\"query-input\":\"required name=search_term_string\"}],\"inLanguage\":\"es\"},{\"@type\":\"Organization\",\"@id\":\"https:\/\/europe.borealoutdoor.com\/es\/#organization\",\"name\":\"Boreal\",\"url\":\"https:\/\/europe.borealoutdoor.com\/es\/\",\"logo\":{\"@type\":\"ImageObject\",\"inLanguage\":\"es\",\"@id\":\"https:\/\/europe.borealoutdoor.com\/es\/#\/schema\/logo\/image\/\",\"url\":\"https:\/\/europe.borealoutdoor.com\/wp-content\/uploads\/sites\/6\/2023\/11\/logo-vertical2.png\",\"contentUrl\":\"https:\/\/europe.borealoutdoor.com\/wp-content\/uploads\/sites\/6\/2023\/11\/logo-vertical2.png\",\"width\":257,\"height\":168,\"caption\":\"Boreal\"},\"image\":{\"@id\":\"https:\/\/europe.borealoutdoor.com\/es\/#\/schema\/logo\/image\/\"},\"sameAs\":[\"https:\/\/www.facebook.com\/Boreal.official\/\",\"https:\/\/twitter.com\/borealoutdoor\",\"https:\/\/www.youtube.com\/user\/BorealVideos\",\"https:\/\/www.instagram.com\/borealoutdoor\/\"]}]}<\/script>\n<!-- \/ Yoast SEO plugin. -->","yoast_head_json":{"title":"Pol\u00edtica de privacidad - Boreal Europe","robots":{"index":"index","follow":"follow","max-snippet":"max-snippet:-1","max-image-preview":"max-image-preview:large","max-video-preview":"max-video-preview:-1"},"canonical":"https:\/\/europe.borealoutdoor.com\/es\/politica-de-privacidad\/","og_locale":"es_ES","og_type":"article","og_title":"Pol\u00edtica de privacidad - Boreal Europe","og_description":"POL\u00cdTICA DE PRIVACIDAD POL\u00cdTICA DE PRIVACIDAD DEL SITIO WEB www.borealoutdoor.com La presente pol\u00edtica de privacidad describe las formas en la que recogemos la informaci\u00f3n, con qu\u00e9 fin la utilizamos y c\u00f3mo la gestionamos. Su privacidad es importante para nosotros y [&hellip;]","og_url":"https:\/\/europe.borealoutdoor.com\/es\/politica-de-privacidad\/","og_site_name":"Boreal Europe","article_publisher":"https:\/\/www.facebook.com\/Boreal.official\/","article_modified_time":"2025-02-25T12:37:14+00:00","twitter_card":"summary_large_image","twitter_site":"@borealoutdoor","twitter_misc":{"Tiempo de lectura":"8 minutos"},"schema":{"@context":"https:\/\/schema.org","@graph":[{"@type":"WebPage","@id":"https:\/\/europe.borealoutdoor.com\/es\/politica-de-privacidad\/","url":"https:\/\/europe.borealoutdoor.com\/es\/politica-de-privacidad\/","name":"Pol\u00edtica de privacidad - Boreal Europe","isPartOf":{"@id":"https:\/\/europe.borealoutdoor.com\/es\/#website"},"datePublished":"2023-01-16T08:51:17+00:00","dateModified":"2025-02-25T12:37:14+00:00","breadcrumb":{"@id":"https:\/\/europe.borealoutdoor.com\/es\/politica-de-privacidad\/#breadcrumb"},"inLanguage":"es","potentialAction":[{"@type":"ReadAction","target":["https:\/\/europe.borealoutdoor.com\/es\/politica-de-privacidad\/"]}]},{"@type":"BreadcrumbList","@id":"https:\/\/europe.borealoutdoor.com\/es\/politica-de-privacidad\/#breadcrumb","itemListElement":[{"@type":"ListItem","position":1,"name":"Portada","item":"https:\/\/europe.borealoutdoor.com\/es\/home\/"},{"@type":"ListItem","position":2,"name":"Pol\u00edtica de privacidad"}]},{"@type":"WebSite","@id":"https:\/\/europe.borealoutdoor.com\/es\/#website","url":"https:\/\/europe.borealoutdoor.com\/es\/","name":"Boreal","description":"","publisher":{"@id":"https:\/\/europe.borealoutdoor.com\/es\/#organization"},"potentialAction":[{"@type":"SearchAction","target":{"@type":"EntryPoint","urlTemplate":"https:\/\/europe.borealoutdoor.com\/es\/?s={search_term_string}"},"query-input":"required name=search_term_string"}],"inLanguage":"es"},{"@type":"Organization","@id":"https:\/\/europe.borealoutdoor.com\/es\/#organization","name":"Boreal","url":"https:\/\/europe.borealoutdoor.com\/es\/","logo":{"@type":"ImageObject","inLanguage":"es","@id":"https:\/\/europe.borealoutdoor.com\/es\/#\/schema\/logo\/image\/","url":"https:\/\/europe.borealoutdoor.com\/wp-content\/uploads\/sites\/6\/2023\/11\/logo-vertical2.png","contentUrl":"https:\/\/europe.borealoutdoor.com\/wp-content\/uploads\/sites\/6\/2023\/11\/logo-vertical2.png","width":257,"height":168,"caption":"Boreal"},"image":{"@id":"https:\/\/europe.borealoutdoor.com\/es\/#\/schema\/logo\/image\/"},"sameAs":["https:\/\/www.facebook.com\/Boreal.official\/","https:\/\/twitter.com\/borealoutdoor","https:\/\/www.youtube.com\/user\/BorealVideos","https:\/\/www.instagram.com\/borealoutdoor\/"]}]}},"_links":{"self":[{"href":"https:\/\/europe.borealoutdoor.com\/es\/wp-json\/wp\/v2\/pages\/41167"}],"collection":[{"href":"https:\/\/europe.borealoutdoor.com\/es\/wp-json\/wp\/v2\/pages"}],"about":[{"href":"https:\/\/europe.borealoutdoor.com\/es\/wp-json\/wp\/v2\/types\/page"}],"author":[{"embeddable":true,"href":"https:\/\/europe.borealoutdoor.com\/es\/wp-json\/wp\/v2\/users\/1"}],"replies":[{"embeddable":true,"href":"https:\/\/europe.borealoutdoor.com\/es\/wp-json\/wp\/v2\/comments?post=41167"}],"version-history":[{"count":3,"href":"https:\/\/europe.borealoutdoor.com\/es\/wp-json\/wp\/v2\/pages\/41167\/revisions"}],"predecessor-version":[{"id":93200,"href":"https:\/\/europe.borealoutdoor.com\/es\/wp-json\/wp\/v2\/pages\/41167\/revisions\/93200"}],"wp:attachment":[{"href":"https:\/\/europe.borealoutdoor.com\/es\/wp-json\/wp\/v2\/media?parent=41167"}],"curies":[{"name":"wp","href":"https:\/\/api.w.org\/{rel}","templated":true}]}}