{"id":61224,"date":"2024-04-02T10:08:19","date_gmt":"2024-04-02T08:08:19","guid":{"rendered":"https:\/\/europe.borealoutdoor.com\/product\/drom-tech\/"},"modified":"2025-12-17T17:51:27","modified_gmt":"2025-12-17T16:51:27","slug":"drom-tech","status":"publish","type":"product","link":"https:\/\/europe.borealoutdoor.com\/es\/producto\/drom-tech\/","title":{"rendered":"DROM TECH"},"content":{"rendered":"<p>Nuestro departamento I+D est\u00e1 al m\u00e1ximo! Las versiones Tech del famoso Drom y Drom Mid ser\u00e1n tu fiel compa\u00f1ero tanto en las aproximaciones t\u00e9cnicas, como en tus rutas m\u00e1s largas de trekking. Ligeros, impermeables, la mar de c\u00f3modos. No nos culpes si te olvidas de quit\u00e1rtelos antes de meterte en el saco de dormir.<\/p>\n","protected":false},"excerpt":{"rendered":"<p>Nuestro departamento I+D est\u00e1 al m\u00e1ximo! Las versiones Tech del famoso Drom y Drom Mid ser\u00e1n tu fiel compa\u00f1ero tanto en las aproximaciones t\u00e9cnicas, como en tus rutas m\u00e1s largas de trekking. Ligeros, impermeables, la mar de c\u00f3modos. No nos [&hellip;]<\/p>\n","protected":false},"featured_media":54577,"comment_status":"closed","ping_status":"open","template":"","meta":[],"product_cat":[413,407],"product_tag":[],"yoast_head":"<!-- This site is optimized with the Yoast SEO plugin v21.8.1 - https:\/\/yoast.com\/wordpress\/plugins\/seo\/ -->\n<title>DROM TECH - Boreal Europe<\/title>\n<meta name=\"robots\" content=\"index, follow, max-snippet:-1, max-image-preview:large, max-video-preview:-1\" \/>\n<link rel=\"canonical\" href=\"https:\/\/europe.borealoutdoor.com\/es\/producto\/drom-tech\/\" \/>\n<meta property=\"og:locale\" content=\"es_ES\" \/>\n<meta property=\"og:type\" content=\"article\" \/>\n<meta property=\"og:title\" content=\"DROM TECH - Boreal Europe\" \/>\n<meta property=\"og:description\" content=\"Nuestro departamento I+D est\u00e1 al m\u00e1ximo! Las versiones Tech del famoso Drom y Drom Mid ser\u00e1n tu fiel compa\u00f1ero tanto en las aproximaciones t\u00e9cnicas, como en tus rutas m\u00e1s largas de trekking. Ligeros, impermeables, la mar de c\u00f3modos. No nos [&hellip;]\" \/>\n<meta property=\"og:url\" content=\"https:\/\/europe.borealoutdoor.com\/es\/producto\/drom-tech\/\" \/>\n<meta property=\"og:site_name\" content=\"Boreal Europe\" \/>\n<meta property=\"article:publisher\" content=\"https:\/\/www.facebook.com\/Boreal.official\/\" \/>\n<meta property=\"article:modified_time\" content=\"2025-12-17T16:51:27+00:00\" \/>\n<meta property=\"og:image\" content=\"https:\/\/europe.borealoutdoor.com\/wp-content\/uploads\/sites\/6\/2024\/04\/31813.jpg\" \/>\n\t<meta property=\"og:image:width\" content=\"1000\" \/>\n\t<meta property=\"og:image:height\" content=\"1000\" \/>\n\t<meta property=\"og:image:type\" content=\"image\/jpeg\" \/>\n<meta name=\"twitter:card\" content=\"summary_large_image\" \/>\n<meta name=\"twitter:site\" content=\"@borealoutdoor\" \/>\n<script type=\"application\/ld+json\" class=\"yoast-schema-graph\">{\"@context\":\"https:\/\/schema.org\",\"@graph\":[{\"@type\":\"WebPage\",\"@id\":\"https:\/\/europe.borealoutdoor.com\/es\/producto\/drom-tech\/\",\"url\":\"https:\/\/europe.borealoutdoor.com\/es\/producto\/drom-tech\/\",\"name\":\"DROM TECH - Boreal Europe\",\"isPartOf\":{\"@id\":\"https:\/\/europe.borealoutdoor.com\/es\/#website\"},\"datePublished\":\"2024-04-02T08:08:19+00:00\",\"dateModified\":\"2025-12-17T16:51:27+00:00\",\"breadcrumb\":{\"@id\":\"https:\/\/europe.borealoutdoor.com\/es\/producto\/drom-tech\/#breadcrumb\"},\"inLanguage\":\"es\",\"potentialAction\":[{\"@type\":\"ReadAction\",\"target\":[\"https:\/\/europe.borealoutdoor.com\/es\/producto\/drom-tech\/\"]}]},{\"@type\":\"BreadcrumbList\",\"@id\":\"https:\/\/europe.borealoutdoor.com\/es\/producto\/drom-tech\/#breadcrumb\",\"itemListElement\":[{\"@type\":\"ListItem\",\"position\":1,\"name\":\"Portada\",\"item\":\"https:\/\/europe.borealoutdoor.com\/es\/home\/\"},{\"@type\":\"ListItem\",\"position\":2,\"name\":\"DROM TECH\"}]},{\"@type\":\"WebSite\",\"@id\":\"https:\/\/europe.borealoutdoor.com\/es\/#website\",\"url\":\"https:\/\/europe.borealoutdoor.com\/es\/\",\"name\":\"Boreal\",\"description\":\"\",\"publisher\":{\"@id\":\"https:\/\/europe.borealoutdoor.com\/es\/#organization\"},\"potentialAction\":[{\"@type\":\"SearchAction\",\"target\":{\"@type\":\"EntryPoint\",\"urlTemplate\":\"https:\/\/europe.borealoutdoor.com\/es\/?s={search_term_string}\"},\"query-input\":\"required name=search_term_string\"}],\"inLanguage\":\"es\"},{\"@type\":\"Organization\",\"@id\":\"https:\/\/europe.borealoutdoor.com\/es\/#organization\",\"name\":\"Boreal\",\"url\":\"https:\/\/europe.borealoutdoor.com\/es\/\",\"logo\":{\"@type\":\"ImageObject\",\"inLanguage\":\"es\",\"@id\":\"https:\/\/europe.borealoutdoor.com\/es\/#\/schema\/logo\/image\/\",\"url\":\"https:\/\/europe.borealoutdoor.com\/wp-content\/uploads\/sites\/6\/2023\/11\/logo-vertical2.png\",\"contentUrl\":\"https:\/\/europe.borealoutdoor.com\/wp-content\/uploads\/sites\/6\/2023\/11\/logo-vertical2.png\",\"width\":257,\"height\":168,\"caption\":\"Boreal\"},\"image\":{\"@id\":\"https:\/\/europe.borealoutdoor.com\/es\/#\/schema\/logo\/image\/\"},\"sameAs\":[\"https:\/\/www.facebook.com\/Boreal.official\/\",\"https:\/\/twitter.com\/borealoutdoor\",\"https:\/\/www.youtube.com\/user\/BorealVideos\",\"https:\/\/www.instagram.com\/borealoutdoor\/\"]}]}<\/script>\n<!-- \/ Yoast SEO plugin. -->","yoast_head_json":{"title":"DROM TECH - Boreal Europe","robots":{"index":"index","follow":"follow","max-snippet":"max-snippet:-1","max-image-preview":"max-image-preview:large","max-video-preview":"max-video-preview:-1"},"canonical":"https:\/\/europe.borealoutdoor.com\/es\/producto\/drom-tech\/","og_locale":"es_ES","og_type":"article","og_title":"DROM TECH - Boreal Europe","og_description":"Nuestro departamento I+D est\u00e1 al m\u00e1ximo! Las versiones Tech del famoso Drom y Drom Mid ser\u00e1n tu fiel compa\u00f1ero tanto en las aproximaciones t\u00e9cnicas, como en tus rutas m\u00e1s largas de trekking. Ligeros, impermeables, la mar de c\u00f3modos. No nos [&hellip;]","og_url":"https:\/\/europe.borealoutdoor.com\/es\/producto\/drom-tech\/","og_site_name":"Boreal Europe","article_publisher":"https:\/\/www.facebook.com\/Boreal.official\/","article_modified_time":"2025-12-17T16:51:27+00:00","og_image":[{"width":1000,"height":1000,"url":"https:\/\/europe.borealoutdoor.com\/wp-content\/uploads\/sites\/6\/2024\/04\/31813.jpg","type":"image\/jpeg"}],"twitter_card":"summary_large_image","twitter_site":"@borealoutdoor","schema":{"@context":"https:\/\/schema.org","@graph":[{"@type":"WebPage","@id":"https:\/\/europe.borealoutdoor.com\/es\/producto\/drom-tech\/","url":"https:\/\/europe.borealoutdoor.com\/es\/producto\/drom-tech\/","name":"DROM TECH - Boreal Europe","isPartOf":{"@id":"https:\/\/europe.borealoutdoor.com\/es\/#website"},"datePublished":"2024-04-02T08:08:19+00:00","dateModified":"2025-12-17T16:51:27+00:00","breadcrumb":{"@id":"https:\/\/europe.borealoutdoor.com\/es\/producto\/drom-tech\/#breadcrumb"},"inLanguage":"es","potentialAction":[{"@type":"ReadAction","target":["https:\/\/europe.borealoutdoor.com\/es\/producto\/drom-tech\/"]}]},{"@type":"BreadcrumbList","@id":"https:\/\/europe.borealoutdoor.com\/es\/producto\/drom-tech\/#breadcrumb","itemListElement":[{"@type":"ListItem","position":1,"name":"Portada","item":"https:\/\/europe.borealoutdoor.com\/es\/home\/"},{"@type":"ListItem","position":2,"name":"DROM TECH"}]},{"@type":"WebSite","@id":"https:\/\/europe.borealoutdoor.com\/es\/#website","url":"https:\/\/europe.borealoutdoor.com\/es\/","name":"Boreal","description":"","publisher":{"@id":"https:\/\/europe.borealoutdoor.com\/es\/#organization"},"potentialAction":[{"@type":"SearchAction","target":{"@type":"EntryPoint","urlTemplate":"https:\/\/europe.borealoutdoor.com\/es\/?s={search_term_string}"},"query-input":"required name=search_term_string"}],"inLanguage":"es"},{"@type":"Organization","@id":"https:\/\/europe.borealoutdoor.com\/es\/#organization","name":"Boreal","url":"https:\/\/europe.borealoutdoor.com\/es\/","logo":{"@type":"ImageObject","inLanguage":"es","@id":"https:\/\/europe.borealoutdoor.com\/es\/#\/schema\/logo\/image\/","url":"https:\/\/europe.borealoutdoor.com\/wp-content\/uploads\/sites\/6\/2023\/11\/logo-vertical2.png","contentUrl":"https:\/\/europe.borealoutdoor.com\/wp-content\/uploads\/sites\/6\/2023\/11\/logo-vertical2.png","width":257,"height":168,"caption":"Boreal"},"image":{"@id":"https:\/\/europe.borealoutdoor.com\/es\/#\/schema\/logo\/image\/"},"sameAs":["https:\/\/www.facebook.com\/Boreal.official\/","https:\/\/twitter.com\/borealoutdoor","https:\/\/www.youtube.com\/user\/BorealVideos","https:\/\/www.instagram.com\/borealoutdoor\/"]}]}},"_links":{"self":[{"href":"https:\/\/europe.borealoutdoor.com\/es\/wp-json\/wp\/v2\/product\/61224"}],"collection":[{"href":"https:\/\/europe.borealoutdoor.com\/es\/wp-json\/wp\/v2\/product"}],"about":[{"href":"https:\/\/europe.borealoutdoor.com\/es\/wp-json\/wp\/v2\/types\/product"}],"replies":[{"embeddable":true,"href":"https:\/\/europe.borealoutdoor.com\/es\/wp-json\/wp\/v2\/comments?post=61224"}],"wp:featuredmedia":[{"embeddable":true,"href":"https:\/\/europe.borealoutdoor.com\/es\/wp-json\/wp\/v2\/media\/54577"}],"wp:attachment":[{"href":"https:\/\/europe.borealoutdoor.com\/es\/wp-json\/wp\/v2\/media?parent=61224"}],"wp:term":[{"taxonomy":"product_cat","embeddable":true,"href":"https:\/\/europe.borealoutdoor.com\/es\/wp-json\/wp\/v2\/product_cat?post=61224"},{"taxonomy":"product_tag","embeddable":true,"href":"https:\/\/europe.borealoutdoor.com\/es\/wp-json\/wp\/v2\/product_tag?post=61224"}],"curies":[{"name":"wp","href":"https:\/\/api.w.org\/{rel}","templated":true}]}}