{"id":79200,"date":"2024-05-28T10:21:19","date_gmt":"2024-05-28T08:21:19","guid":{"rendered":"https:\/\/europe.borealoutdoor.com\/product\/indo-wmns\/"},"modified":"2025-12-03T16:05:03","modified_gmt":"2025-12-03T15:05:03","slug":"indo-wmns","status":"publish","type":"product","link":"https:\/\/europe.borealoutdoor.com\/es\/producto\/indo-wmns\/","title":{"rendered":"INDO WMNS"},"content":{"rendered":"<p>Basado en nuestro modelo m\u00e1s vendido, el Crux, pero con mucha mayor sensibilidad, nuestra goma m\u00e1s adherente, Zenith Ultra 2.0 y un corte en VENT, maravillosamente c\u00f3modo. Indo logra combinar alto rendimiento y confort extraordinario en un modelo de Boreal \u00fanico. Especialmente indicado cuando se requiere adherencia excepcional, junto con un buen canteado.<\/p>\n","protected":false},"excerpt":{"rendered":"<p>Basado en nuestro modelo m\u00e1s vendido, el Crux, pero con mucha mayor sensibilidad, nuestra goma m\u00e1s adherente, Zenith Ultra 2.0 y un corte en VENT, maravillosamente c\u00f3modo. Indo logra combinar alto rendimiento y confort extraordinario en un modelo de Boreal [&hellip;]<\/p>\n","protected":false},"featured_media":77535,"comment_status":"closed","ping_status":"closed","template":"","meta":[],"product_cat":[339,349],"product_tag":[],"yoast_head":"<!-- This site is optimized with the Yoast SEO plugin v21.8.1 - https:\/\/yoast.com\/wordpress\/plugins\/seo\/ -->\n<title>INDO WMNS - Boreal Europe<\/title>\n<meta name=\"robots\" content=\"index, follow, max-snippet:-1, max-image-preview:large, max-video-preview:-1\" \/>\n<link rel=\"canonical\" href=\"https:\/\/europe.borealoutdoor.com\/es\/producto\/indo-wmns\/\" \/>\n<meta property=\"og:locale\" content=\"es_ES\" \/>\n<meta property=\"og:type\" content=\"article\" \/>\n<meta property=\"og:title\" content=\"INDO WMNS - Boreal Europe\" \/>\n<meta property=\"og:description\" content=\"Basado en nuestro modelo m\u00e1s vendido, el Crux, pero con mucha mayor sensibilidad, nuestra goma m\u00e1s adherente, Zenith Ultra 2.0 y un corte en VENT, maravillosamente c\u00f3modo. Indo logra combinar alto rendimiento y confort extraordinario en un modelo de Boreal [&hellip;]\" \/>\n<meta property=\"og:url\" content=\"https:\/\/europe.borealoutdoor.com\/es\/producto\/indo-wmns\/\" \/>\n<meta property=\"og:site_name\" content=\"Boreal Europe\" \/>\n<meta property=\"article:publisher\" content=\"https:\/\/www.facebook.com\/Boreal.official\/\" \/>\n<meta property=\"article:modified_time\" content=\"2025-12-03T15:05:03+00:00\" \/>\n<meta property=\"og:image\" content=\"https:\/\/europe.borealoutdoor.com\/wp-content\/uploads\/sites\/6\/2024\/05\/11271.jpg\" \/>\n\t<meta property=\"og:image:width\" content=\"1000\" \/>\n\t<meta property=\"og:image:height\" content=\"1000\" \/>\n\t<meta property=\"og:image:type\" content=\"image\/jpeg\" \/>\n<meta name=\"twitter:card\" content=\"summary_large_image\" \/>\n<meta name=\"twitter:site\" content=\"@borealoutdoor\" \/>\n<script type=\"application\/ld+json\" class=\"yoast-schema-graph\">{\"@context\":\"https:\/\/schema.org\",\"@graph\":[{\"@type\":\"WebPage\",\"@id\":\"https:\/\/europe.borealoutdoor.com\/es\/producto\/indo-wmns\/\",\"url\":\"https:\/\/europe.borealoutdoor.com\/es\/producto\/indo-wmns\/\",\"name\":\"INDO WMNS - Boreal Europe\",\"isPartOf\":{\"@id\":\"https:\/\/europe.borealoutdoor.com\/es\/#website\"},\"datePublished\":\"2024-05-28T08:21:19+00:00\",\"dateModified\":\"2025-12-03T15:05:03+00:00\",\"breadcrumb\":{\"@id\":\"https:\/\/europe.borealoutdoor.com\/es\/producto\/indo-wmns\/#breadcrumb\"},\"inLanguage\":\"es\",\"potentialAction\":[{\"@type\":\"ReadAction\",\"target\":[\"https:\/\/europe.borealoutdoor.com\/es\/producto\/indo-wmns\/\"]}]},{\"@type\":\"BreadcrumbList\",\"@id\":\"https:\/\/europe.borealoutdoor.com\/es\/producto\/indo-wmns\/#breadcrumb\",\"itemListElement\":[{\"@type\":\"ListItem\",\"position\":1,\"name\":\"Portada\",\"item\":\"https:\/\/europe.borealoutdoor.com\/es\/home\/\"},{\"@type\":\"ListItem\",\"position\":2,\"name\":\"INDO WMNS\"}]},{\"@type\":\"WebSite\",\"@id\":\"https:\/\/europe.borealoutdoor.com\/es\/#website\",\"url\":\"https:\/\/europe.borealoutdoor.com\/es\/\",\"name\":\"Boreal\",\"description\":\"\",\"publisher\":{\"@id\":\"https:\/\/europe.borealoutdoor.com\/es\/#organization\"},\"potentialAction\":[{\"@type\":\"SearchAction\",\"target\":{\"@type\":\"EntryPoint\",\"urlTemplate\":\"https:\/\/europe.borealoutdoor.com\/es\/?s={search_term_string}\"},\"query-input\":\"required name=search_term_string\"}],\"inLanguage\":\"es\"},{\"@type\":\"Organization\",\"@id\":\"https:\/\/europe.borealoutdoor.com\/es\/#organization\",\"name\":\"Boreal\",\"url\":\"https:\/\/europe.borealoutdoor.com\/es\/\",\"logo\":{\"@type\":\"ImageObject\",\"inLanguage\":\"es\",\"@id\":\"https:\/\/europe.borealoutdoor.com\/es\/#\/schema\/logo\/image\/\",\"url\":\"https:\/\/europe.borealoutdoor.com\/wp-content\/uploads\/sites\/6\/2023\/11\/logo-vertical2.png\",\"contentUrl\":\"https:\/\/europe.borealoutdoor.com\/wp-content\/uploads\/sites\/6\/2023\/11\/logo-vertical2.png\",\"width\":257,\"height\":168,\"caption\":\"Boreal\"},\"image\":{\"@id\":\"https:\/\/europe.borealoutdoor.com\/es\/#\/schema\/logo\/image\/\"},\"sameAs\":[\"https:\/\/www.facebook.com\/Boreal.official\/\",\"https:\/\/twitter.com\/borealoutdoor\",\"https:\/\/www.youtube.com\/user\/BorealVideos\",\"https:\/\/www.instagram.com\/borealoutdoor\/\"]}]}<\/script>\n<!-- \/ Yoast SEO plugin. -->","yoast_head_json":{"title":"INDO WMNS - Boreal Europe","robots":{"index":"index","follow":"follow","max-snippet":"max-snippet:-1","max-image-preview":"max-image-preview:large","max-video-preview":"max-video-preview:-1"},"canonical":"https:\/\/europe.borealoutdoor.com\/es\/producto\/indo-wmns\/","og_locale":"es_ES","og_type":"article","og_title":"INDO WMNS - Boreal Europe","og_description":"Basado en nuestro modelo m\u00e1s vendido, el Crux, pero con mucha mayor sensibilidad, nuestra goma m\u00e1s adherente, Zenith Ultra 2.0 y un corte en VENT, maravillosamente c\u00f3modo. Indo logra combinar alto rendimiento y confort extraordinario en un modelo de Boreal [&hellip;]","og_url":"https:\/\/europe.borealoutdoor.com\/es\/producto\/indo-wmns\/","og_site_name":"Boreal Europe","article_publisher":"https:\/\/www.facebook.com\/Boreal.official\/","article_modified_time":"2025-12-03T15:05:03+00:00","og_image":[{"width":1000,"height":1000,"url":"https:\/\/europe.borealoutdoor.com\/wp-content\/uploads\/sites\/6\/2024\/05\/11271.jpg","type":"image\/jpeg"}],"twitter_card":"summary_large_image","twitter_site":"@borealoutdoor","schema":{"@context":"https:\/\/schema.org","@graph":[{"@type":"WebPage","@id":"https:\/\/europe.borealoutdoor.com\/es\/producto\/indo-wmns\/","url":"https:\/\/europe.borealoutdoor.com\/es\/producto\/indo-wmns\/","name":"INDO WMNS - Boreal Europe","isPartOf":{"@id":"https:\/\/europe.borealoutdoor.com\/es\/#website"},"datePublished":"2024-05-28T08:21:19+00:00","dateModified":"2025-12-03T15:05:03+00:00","breadcrumb":{"@id":"https:\/\/europe.borealoutdoor.com\/es\/producto\/indo-wmns\/#breadcrumb"},"inLanguage":"es","potentialAction":[{"@type":"ReadAction","target":["https:\/\/europe.borealoutdoor.com\/es\/producto\/indo-wmns\/"]}]},{"@type":"BreadcrumbList","@id":"https:\/\/europe.borealoutdoor.com\/es\/producto\/indo-wmns\/#breadcrumb","itemListElement":[{"@type":"ListItem","position":1,"name":"Portada","item":"https:\/\/europe.borealoutdoor.com\/es\/home\/"},{"@type":"ListItem","position":2,"name":"INDO WMNS"}]},{"@type":"WebSite","@id":"https:\/\/europe.borealoutdoor.com\/es\/#website","url":"https:\/\/europe.borealoutdoor.com\/es\/","name":"Boreal","description":"","publisher":{"@id":"https:\/\/europe.borealoutdoor.com\/es\/#organization"},"potentialAction":[{"@type":"SearchAction","target":{"@type":"EntryPoint","urlTemplate":"https:\/\/europe.borealoutdoor.com\/es\/?s={search_term_string}"},"query-input":"required name=search_term_string"}],"inLanguage":"es"},{"@type":"Organization","@id":"https:\/\/europe.borealoutdoor.com\/es\/#organization","name":"Boreal","url":"https:\/\/europe.borealoutdoor.com\/es\/","logo":{"@type":"ImageObject","inLanguage":"es","@id":"https:\/\/europe.borealoutdoor.com\/es\/#\/schema\/logo\/image\/","url":"https:\/\/europe.borealoutdoor.com\/wp-content\/uploads\/sites\/6\/2023\/11\/logo-vertical2.png","contentUrl":"https:\/\/europe.borealoutdoor.com\/wp-content\/uploads\/sites\/6\/2023\/11\/logo-vertical2.png","width":257,"height":168,"caption":"Boreal"},"image":{"@id":"https:\/\/europe.borealoutdoor.com\/es\/#\/schema\/logo\/image\/"},"sameAs":["https:\/\/www.facebook.com\/Boreal.official\/","https:\/\/twitter.com\/borealoutdoor","https:\/\/www.youtube.com\/user\/BorealVideos","https:\/\/www.instagram.com\/borealoutdoor\/"]}]}},"_links":{"self":[{"href":"https:\/\/europe.borealoutdoor.com\/es\/wp-json\/wp\/v2\/product\/79200"}],"collection":[{"href":"https:\/\/europe.borealoutdoor.com\/es\/wp-json\/wp\/v2\/product"}],"about":[{"href":"https:\/\/europe.borealoutdoor.com\/es\/wp-json\/wp\/v2\/types\/product"}],"replies":[{"embeddable":true,"href":"https:\/\/europe.borealoutdoor.com\/es\/wp-json\/wp\/v2\/comments?post=79200"}],"wp:featuredmedia":[{"embeddable":true,"href":"https:\/\/europe.borealoutdoor.com\/es\/wp-json\/wp\/v2\/media\/77535"}],"wp:attachment":[{"href":"https:\/\/europe.borealoutdoor.com\/es\/wp-json\/wp\/v2\/media?parent=79200"}],"wp:term":[{"taxonomy":"product_cat","embeddable":true,"href":"https:\/\/europe.borealoutdoor.com\/es\/wp-json\/wp\/v2\/product_cat?post=79200"},{"taxonomy":"product_tag","embeddable":true,"href":"https:\/\/europe.borealoutdoor.com\/es\/wp-json\/wp\/v2\/product_tag?post=79200"}],"curies":[{"name":"wp","href":"https:\/\/api.w.org\/{rel}","templated":true}]}}