{"id":94613,"date":"2025-12-15T08:09:48","date_gmt":"2025-12-15T07:09:48","guid":{"rendered":"https:\/\/europe.borealoutdoor.com\/product\/beta-eco-2-0\/"},"modified":"2025-12-15T08:36:27","modified_gmt":"2025-12-15T07:36:27","slug":"beta-eco-2-0","status":"publish","type":"product","link":"https:\/\/europe.borealoutdoor.com\/es\/producto\/beta-eco-2-0\/","title":{"rendered":"BETA ECO 2.0"},"content":{"rendered":"<p>Beta Eco est\u00e1 fabricado con materiales reciclados casi en su totalidad en un esfuerzo por liderar el camino hacia los pies de gato medioambientalmente sostenibles. Dirigido a escaladores amateurs  que escalan principalmente en roc\u00f3dromos, el Beta Eco ofrece la misma transpirabilidad, comodidad y rendimiento que el Beta siendo un producto m\u00e1s medioambientalmente sostenible. Beta Eco es ideal para escaladores noveles, o como un par de entrenamiento para escaladores m\u00e1s experimentados y tambi\u00e9n una gran opci\u00f3n para cualquier persona que quiera minimizar su impacto ambiental.<\/p>\n","protected":false},"excerpt":{"rendered":"<p>Beta Eco est\u00e1 fabricado con materiales reciclados casi en su totalidad en un esfuerzo por liderar el camino hacia los pies de gato medioambientalmente sostenibles. Dirigido a escaladores amateurs que escalan principalmente en roc\u00f3dromos, el Beta Eco ofrece la misma [&hellip;]<\/p>\n","protected":false},"featured_media":94531,"comment_status":"closed","ping_status":"open","template":"","meta":[],"product_cat":[339,341],"product_tag":[],"yoast_head":"<!-- This site is optimized with the Yoast SEO plugin v21.8.1 - https:\/\/yoast.com\/wordpress\/plugins\/seo\/ -->\n<title>BETA ECO 2.0 - Boreal Europe<\/title>\n<meta name=\"robots\" content=\"index, follow, max-snippet:-1, max-image-preview:large, max-video-preview:-1\" \/>\n<link rel=\"canonical\" href=\"https:\/\/europe.borealoutdoor.com\/es\/producto\/beta-eco-2-0\/\" \/>\n<meta property=\"og:locale\" content=\"es_ES\" \/>\n<meta property=\"og:type\" content=\"article\" \/>\n<meta property=\"og:title\" content=\"BETA ECO 2.0 - Boreal Europe\" \/>\n<meta property=\"og:description\" content=\"Beta Eco est\u00e1 fabricado con materiales reciclados casi en su totalidad en un esfuerzo por liderar el camino hacia los pies de gato medioambientalmente sostenibles. Dirigido a escaladores amateurs que escalan principalmente en roc\u00f3dromos, el Beta Eco ofrece la misma [&hellip;]\" \/>\n<meta property=\"og:url\" content=\"https:\/\/europe.borealoutdoor.com\/es\/producto\/beta-eco-2-0\/\" \/>\n<meta property=\"og:site_name\" content=\"Boreal Europe\" \/>\n<meta property=\"article:publisher\" content=\"https:\/\/www.facebook.com\/Boreal.official\/\" \/>\n<meta property=\"article:modified_time\" content=\"2025-12-15T07:36:27+00:00\" \/>\n<meta property=\"og:image\" content=\"https:\/\/europe.borealoutdoor.com\/wp-content\/uploads\/sites\/6\/2025\/12\/11235.jpg\" \/>\n\t<meta property=\"og:image:width\" content=\"1000\" \/>\n\t<meta property=\"og:image:height\" content=\"1000\" \/>\n\t<meta property=\"og:image:type\" content=\"image\/jpeg\" \/>\n<meta name=\"twitter:card\" content=\"summary_large_image\" \/>\n<meta name=\"twitter:site\" content=\"@borealoutdoor\" \/>\n<script type=\"application\/ld+json\" class=\"yoast-schema-graph\">{\"@context\":\"https:\/\/schema.org\",\"@graph\":[{\"@type\":\"WebPage\",\"@id\":\"https:\/\/europe.borealoutdoor.com\/es\/producto\/beta-eco-2-0\/\",\"url\":\"https:\/\/europe.borealoutdoor.com\/es\/producto\/beta-eco-2-0\/\",\"name\":\"BETA ECO 2.0 - Boreal Europe\",\"isPartOf\":{\"@id\":\"https:\/\/europe.borealoutdoor.com\/es\/#website\"},\"datePublished\":\"2025-12-15T07:09:48+00:00\",\"dateModified\":\"2025-12-15T07:36:27+00:00\",\"breadcrumb\":{\"@id\":\"https:\/\/europe.borealoutdoor.com\/es\/producto\/beta-eco-2-0\/#breadcrumb\"},\"inLanguage\":\"es\",\"potentialAction\":[{\"@type\":\"ReadAction\",\"target\":[\"https:\/\/europe.borealoutdoor.com\/es\/producto\/beta-eco-2-0\/\"]}]},{\"@type\":\"BreadcrumbList\",\"@id\":\"https:\/\/europe.borealoutdoor.com\/es\/producto\/beta-eco-2-0\/#breadcrumb\",\"itemListElement\":[{\"@type\":\"ListItem\",\"position\":1,\"name\":\"Portada\",\"item\":\"https:\/\/europe.borealoutdoor.com\/es\/home\/\"},{\"@type\":\"ListItem\",\"position\":2,\"name\":\"BETA ECO 2.0\"}]},{\"@type\":\"WebSite\",\"@id\":\"https:\/\/europe.borealoutdoor.com\/es\/#website\",\"url\":\"https:\/\/europe.borealoutdoor.com\/es\/\",\"name\":\"Boreal\",\"description\":\"\",\"publisher\":{\"@id\":\"https:\/\/europe.borealoutdoor.com\/es\/#organization\"},\"potentialAction\":[{\"@type\":\"SearchAction\",\"target\":{\"@type\":\"EntryPoint\",\"urlTemplate\":\"https:\/\/europe.borealoutdoor.com\/es\/?s={search_term_string}\"},\"query-input\":\"required name=search_term_string\"}],\"inLanguage\":\"es\"},{\"@type\":\"Organization\",\"@id\":\"https:\/\/europe.borealoutdoor.com\/es\/#organization\",\"name\":\"Boreal\",\"url\":\"https:\/\/europe.borealoutdoor.com\/es\/\",\"logo\":{\"@type\":\"ImageObject\",\"inLanguage\":\"es\",\"@id\":\"https:\/\/europe.borealoutdoor.com\/es\/#\/schema\/logo\/image\/\",\"url\":\"https:\/\/europe.borealoutdoor.com\/wp-content\/uploads\/sites\/6\/2023\/11\/logo-vertical2.png\",\"contentUrl\":\"https:\/\/europe.borealoutdoor.com\/wp-content\/uploads\/sites\/6\/2023\/11\/logo-vertical2.png\",\"width\":257,\"height\":168,\"caption\":\"Boreal\"},\"image\":{\"@id\":\"https:\/\/europe.borealoutdoor.com\/es\/#\/schema\/logo\/image\/\"},\"sameAs\":[\"https:\/\/www.facebook.com\/Boreal.official\/\",\"https:\/\/twitter.com\/borealoutdoor\",\"https:\/\/www.youtube.com\/user\/BorealVideos\",\"https:\/\/www.instagram.com\/borealoutdoor\/\"]}]}<\/script>\n<!-- \/ Yoast SEO plugin. -->","yoast_head_json":{"title":"BETA ECO 2.0 - Boreal Europe","robots":{"index":"index","follow":"follow","max-snippet":"max-snippet:-1","max-image-preview":"max-image-preview:large","max-video-preview":"max-video-preview:-1"},"canonical":"https:\/\/europe.borealoutdoor.com\/es\/producto\/beta-eco-2-0\/","og_locale":"es_ES","og_type":"article","og_title":"BETA ECO 2.0 - Boreal Europe","og_description":"Beta Eco est\u00e1 fabricado con materiales reciclados casi en su totalidad en un esfuerzo por liderar el camino hacia los pies de gato medioambientalmente sostenibles. Dirigido a escaladores amateurs que escalan principalmente en roc\u00f3dromos, el Beta Eco ofrece la misma [&hellip;]","og_url":"https:\/\/europe.borealoutdoor.com\/es\/producto\/beta-eco-2-0\/","og_site_name":"Boreal Europe","article_publisher":"https:\/\/www.facebook.com\/Boreal.official\/","article_modified_time":"2025-12-15T07:36:27+00:00","og_image":[{"width":1000,"height":1000,"url":"https:\/\/europe.borealoutdoor.com\/wp-content\/uploads\/sites\/6\/2025\/12\/11235.jpg","type":"image\/jpeg"}],"twitter_card":"summary_large_image","twitter_site":"@borealoutdoor","schema":{"@context":"https:\/\/schema.org","@graph":[{"@type":"WebPage","@id":"https:\/\/europe.borealoutdoor.com\/es\/producto\/beta-eco-2-0\/","url":"https:\/\/europe.borealoutdoor.com\/es\/producto\/beta-eco-2-0\/","name":"BETA ECO 2.0 - Boreal Europe","isPartOf":{"@id":"https:\/\/europe.borealoutdoor.com\/es\/#website"},"datePublished":"2025-12-15T07:09:48+00:00","dateModified":"2025-12-15T07:36:27+00:00","breadcrumb":{"@id":"https:\/\/europe.borealoutdoor.com\/es\/producto\/beta-eco-2-0\/#breadcrumb"},"inLanguage":"es","potentialAction":[{"@type":"ReadAction","target":["https:\/\/europe.borealoutdoor.com\/es\/producto\/beta-eco-2-0\/"]}]},{"@type":"BreadcrumbList","@id":"https:\/\/europe.borealoutdoor.com\/es\/producto\/beta-eco-2-0\/#breadcrumb","itemListElement":[{"@type":"ListItem","position":1,"name":"Portada","item":"https:\/\/europe.borealoutdoor.com\/es\/home\/"},{"@type":"ListItem","position":2,"name":"BETA ECO 2.0"}]},{"@type":"WebSite","@id":"https:\/\/europe.borealoutdoor.com\/es\/#website","url":"https:\/\/europe.borealoutdoor.com\/es\/","name":"Boreal","description":"","publisher":{"@id":"https:\/\/europe.borealoutdoor.com\/es\/#organization"},"potentialAction":[{"@type":"SearchAction","target":{"@type":"EntryPoint","urlTemplate":"https:\/\/europe.borealoutdoor.com\/es\/?s={search_term_string}"},"query-input":"required name=search_term_string"}],"inLanguage":"es"},{"@type":"Organization","@id":"https:\/\/europe.borealoutdoor.com\/es\/#organization","name":"Boreal","url":"https:\/\/europe.borealoutdoor.com\/es\/","logo":{"@type":"ImageObject","inLanguage":"es","@id":"https:\/\/europe.borealoutdoor.com\/es\/#\/schema\/logo\/image\/","url":"https:\/\/europe.borealoutdoor.com\/wp-content\/uploads\/sites\/6\/2023\/11\/logo-vertical2.png","contentUrl":"https:\/\/europe.borealoutdoor.com\/wp-content\/uploads\/sites\/6\/2023\/11\/logo-vertical2.png","width":257,"height":168,"caption":"Boreal"},"image":{"@id":"https:\/\/europe.borealoutdoor.com\/es\/#\/schema\/logo\/image\/"},"sameAs":["https:\/\/www.facebook.com\/Boreal.official\/","https:\/\/twitter.com\/borealoutdoor","https:\/\/www.youtube.com\/user\/BorealVideos","https:\/\/www.instagram.com\/borealoutdoor\/"]}]}},"_links":{"self":[{"href":"https:\/\/europe.borealoutdoor.com\/es\/wp-json\/wp\/v2\/product\/94613"}],"collection":[{"href":"https:\/\/europe.borealoutdoor.com\/es\/wp-json\/wp\/v2\/product"}],"about":[{"href":"https:\/\/europe.borealoutdoor.com\/es\/wp-json\/wp\/v2\/types\/product"}],"replies":[{"embeddable":true,"href":"https:\/\/europe.borealoutdoor.com\/es\/wp-json\/wp\/v2\/comments?post=94613"}],"wp:featuredmedia":[{"embeddable":true,"href":"https:\/\/europe.borealoutdoor.com\/es\/wp-json\/wp\/v2\/media\/94531"}],"wp:attachment":[{"href":"https:\/\/europe.borealoutdoor.com\/es\/wp-json\/wp\/v2\/media?parent=94613"}],"wp:term":[{"taxonomy":"product_cat","embeddable":true,"href":"https:\/\/europe.borealoutdoor.com\/es\/wp-json\/wp\/v2\/product_cat?post=94613"},{"taxonomy":"product_tag","embeddable":true,"href":"https:\/\/europe.borealoutdoor.com\/es\/wp-json\/wp\/v2\/product_tag?post=94613"}],"curies":[{"name":"wp","href":"https:\/\/api.w.org\/{rel}","templated":true}]}}