{"id":65802,"date":"2023-01-16T09:51:59","date_gmt":"2023-01-16T08:51:59","guid":{"rendered":"https:\/\/europe.borealoutdoor.com\/politique-des-cookies\/"},"modified":"2025-02-25T13:25:59","modified_gmt":"2025-02-25T12:25:59","slug":"politique-des-cookies","status":"publish","type":"page","link":"https:\/\/europe.borealoutdoor.com\/fr\/politique-des-cookies\/","title":{"rendered":"Politique des cookies"},"content":{"rendered":"\n<div style=\"height:50px\" aria-hidden=\"true\" class=\"wp-block-spacer\"><\/div>\n\n<h1 class=\"wp-block-heading\">POLITIQUE DES COOKIES<\/h1>\n\n<div style=\"height:30px\" aria-hidden=\"true\" class=\"wp-block-spacer\"><\/div>\n\n<h2 class=\"wp-block-heading\"><strong>1. BACKGROUND<\/strong><\/h2>\n\n<p>Conform\u00e9ment \u00e0 la r\u00e9glementation espagnole r\u00e9gissant l&rsquo;utilisation des cookies en relation avec la fourniture de services de communications \u00e9lectroniques, telle que d\u00e9finie \u00e0 l&rsquo;article 22.2 de la loi 34\/2002 du 11 juillet sur les services de la soci\u00e9t\u00e9 de l&rsquo;information et du commerce \u00e9lectronique, nous vous informons sur les cookies utilis\u00e9s sur le site web de CALZADOS BOREAL, S.L. et la raison de leur utilisation.<\/p>\n\n<h2 class=\"wp-block-heading\"><strong>2. WHAT ARE COOKIES?<\/strong><\/h2>\n\n<p>Un cookie est un fichier qui est t\u00e9l\u00e9charg\u00e9 sur votre ordinateur lorsque vous acc\u00e9dez \u00e0 certains sites web. Les cookies permettent \u00e0 un site web, entre autres, de stocker et de r\u00e9cup\u00e9rer des informations sur les habitudes de navigation d&rsquo;un utilisateur ou de son ordinateur. En fonction des informations qu&rsquo;ils contiennent et de la mani\u00e8re dont votre ordinateur est utilis\u00e9, les cookies peuvent \u00eatre utilis\u00e9s pour reconna\u00eetre l&rsquo;utilisateur. Les cookies ne sont associ\u00e9s qu&rsquo;\u00e0 un utilisateur anonyme et \u00e0 son ordinateur ou appareil, et ne fournissent pas de r\u00e9f\u00e9rences permettant d&rsquo;identifier des donn\u00e9es personnelles.   <\/p>\n\n<h2 class=\"wp-block-heading\"><strong>3. TYPES OF COOKIES<\/strong><\/h2>\n\n<h3 class=\"wp-block-heading\"><strong>3.1. According to the entity managing them<\/strong><\/h3>\n\n<p>a. Cookies propres : Ceux qui sont envoy\u00e9s au terminal de l&rsquo;utilisateur \u00e0 partir d&rsquo;un ordinateur ou d&rsquo;un domaine g\u00e9r\u00e9 par l&rsquo;\u00e9diteur lui-m\u00eame et \u00e0 partir duquel le service demand\u00e9 est fourni. <\/p>\n\n<p>b. Cookies de tiers : Ceux qui sont envoy\u00e9s au terminal de l&rsquo;utilisateur \u00e0 partir d&rsquo;un ordinateur ou d&rsquo;un domaine qui n&rsquo;est pas g\u00e9r\u00e9 par l&rsquo;\u00e9diteur mais par une autre entit\u00e9 qui traite les donn\u00e9es obtenues par le biais des cookies. <\/p>\n\n<h3 class=\"wp-block-heading\"><strong>3.2. According to the purpose<\/strong><\/h3>\n\n<p>L&rsquo;utilisation de cookies peut avoir diff\u00e9rentes finalit\u00e9s. Selon la finalit\u00e9 pour laquelle les donn\u00e9es obtenues par les cookies sont trait\u00e9es, ces finalit\u00e9s peuvent \u00eatre les suivantes : <\/p>\n\n<p>a) Cookies techniques : Ceux permettant \u00e0 l&rsquo;utilisateur de naviguer sur un site web, une plateforme ou une application et d&rsquo;utiliser les diff\u00e9rentes options ou services disponibles, y compris ceux utilis\u00e9s par l&rsquo;\u00e9diteur pour g\u00e9rer et exploiter le site web, permettre ses fonctions et services, tels que le contr\u00f4le du trafic et de la communication des donn\u00e9es, l&rsquo;identification des sessions, l&rsquo;acc\u00e8s aux parties \u00e0 acc\u00e8s restreint, la m\u00e9morisation des \u00e9l\u00e9ments constitutifs d&rsquo;une commande, compl\u00e9ter le processus d&rsquo;achat d&rsquo;une commande, g\u00e9rer le paiement, contr\u00f4ler la fraude li\u00e9e \u00e0 la s\u00e9curit\u00e9 du service, effectuer une demande d&rsquo;inscription ou de participation \u00e0 un \u00e9v\u00e9nement, comptabiliser les visites pour la facturation des licences des logiciels avec lesquels le service fonctionne (site web, plateforme ou application), utiliser des \u00e9l\u00e9ments de s\u00e9curit\u00e9 lors de la navigation, stocker des contenus pour la diffusion de vid\u00e9os ou de sons, permettre la diffusion de contenus dynamiques (ex.g., chargement d&rsquo;une animation de texte ou d&rsquo;image), ou le partage de contenu via les r\u00e9seaux sociaux. Les cookies techniques sont exempt\u00e9s du respect des obligations \u00e9tablies \u00e0 l&rsquo;article 22.2 de la LSSI lorsqu&rsquo;ils permettent la fourniture du service demand\u00e9 par l&rsquo;utilisateur, comme c&rsquo;est le cas des cookies \u00e9num\u00e9r\u00e9s ci-dessus. Toutefois, si ces cookies sont \u00e9galement utilis\u00e9s \u00e0 des fins non exempt\u00e9es (par exemple, \u00e0 des fins de publicit\u00e9 comportementale), ils seront soumis \u00e0 ces obligations.  <\/p>\n\n<p>b) Cookies de pr\u00e9f\u00e9rence ou de personnalisation : Ceux qui permettent \u00e0 l&rsquo;utilisateur de m\u00e9moriser des informations afin d&rsquo;acc\u00e9der au service avec certaines caract\u00e9ristiques qui diff\u00e9rencient son exp\u00e9rience de celle des autres utilisateurs, telles que la langue, le nombre de r\u00e9sultats \u00e0 afficher lorsque l&rsquo;utilisateur effectue une recherche, l&rsquo;apparence ou le contenu du service en fonction du type de navigateur par lequel l&rsquo;utilisateur acc\u00e8de au service ou de la r\u00e9gion \u00e0 partir de laquelle il acc\u00e8de au service, etc. Si l&rsquo;utilisateur choisit lui-m\u00eame ces caract\u00e9ristiques (par exemple, en s\u00e9lectionnant la langue d&rsquo;un site web en cliquant sur l&rsquo;ic\u00f4ne du drapeau du pays correspondant), les cookies seront exempt\u00e9s des obligations de l&rsquo;article 22.2 de la LSSI, consid\u00e9rant qu&rsquo;il s&rsquo;agit d&rsquo;un service express\u00e9ment demand\u00e9 par l&rsquo;utilisateur, \u00e0 condition que les cookies servent exclusivement la finalit\u00e9 choisie. <\/p>\n\n<p>c) Cookies d&rsquo;analyse ou de mesure : Ceux qui permettent au responsable de suivre et d&rsquo;analyser le comportement des utilisateurs sur les sites web auxquels ils sont li\u00e9s, y compris de quantifier l&rsquo;impact des publicit\u00e9s. Les informations collect\u00e9es par ce type de cookies sont utilis\u00e9es pour mesurer l&rsquo;activit\u00e9 des sites web, des applications ou des plateformes, afin d&rsquo;apporter des am\u00e9liorations bas\u00e9es sur l&rsquo;analyse des donn\u00e9es d&rsquo;utilisation par les utilisateurs du service. <\/p>\n\n<p>d) Cookies publicitaires comportementales : Ce sont ceux qui stockent des informations sur le comportement des utilisateurs obtenues par l&rsquo;observation continue de leurs habitudes de navigation, ce qui permet de d\u00e9velopper un profil sp\u00e9cifique pour afficher de la publicit\u00e9 en fonction de celui-ci.<\/p>\n\n<h3 class=\"wp-block-heading\"><strong>3.3. According to the duration of their activation<\/strong><\/h3>\n\n<p>a) Cookies de session : Ceux qui sont con\u00e7us pour collecter et stocker des donn\u00e9es pendant que l&rsquo;utilisateur acc\u00e8de \u00e0 un site web. Ils sont g\u00e9n\u00e9ralement utilis\u00e9s pour stocker des informations qui ne pr\u00e9sentent un int\u00e9r\u00eat que pour la fourniture du service demand\u00e9 par l&rsquo;utilisateur \u00e0 une seule occasion (par exemple, une liste de produits achet\u00e9s) et disparaissent \u00e0 la fin de la session. <\/p>\n\n<p>b) Cookies persistantes : Ce sont celles dans lesquelles les donn\u00e9es restent stock\u00e9es sur le terminal et peuvent \u00eatre consult\u00e9es et trait\u00e9es pendant une p\u00e9riode d\u00e9finie par le responsable du cookie, qui peut aller de quelques minutes \u00e0 plusieurs ann\u00e9es.<\/p>\n\n<h2 class=\"wp-block-heading\"><strong>4. LIST OF COOKIES USED BY THIS WEBSITE<\/strong><\/h2>\n\n<p>L&rsquo;utilisation de cookies offre des avantages dans la prestation de services au sein de ce qu&rsquo;on appelle la soci\u00e9t\u00e9 de l&rsquo;information, car elle facilite la navigation de l&rsquo;utilisateur et l&rsquo;acc\u00e8s aux diff\u00e9rents services offerts par ce site web ; elle \u00e9vite \u00e0 l&rsquo;utilisateur d&rsquo;avoir \u00e0 configurer les caract\u00e9ristiques g\u00e9n\u00e9rales pr\u00e9d\u00e9finies \u00e0 chaque fois qu&rsquo;il acc\u00e8de au site web ; elle favorise l&rsquo;am\u00e9lioration du fonctionnement et des services fournis via ce site web, suite \u00e0 l&rsquo;analyse correspondante des informations obtenues gr\u00e2ce aux cookies install\u00e9s.<\/p>\n\n<p>Plus pr\u00e9cis\u00e9ment, ce site web utilise les cookies suivants :<\/p>\n\n<figure class=\"wp-block-table\"><table><thead><tr><td><strong>Nom<\/strong><\/td><td><strong>Entit\u00e9<\/strong><\/td><td><strong>Expiration<\/strong><\/td><td><strong>Objectif<\/strong><\/td><\/tr><\/thead><tbody><tr><td>_ga<\/td><td>Tiers (Google Analytics)<\/td><td>2 ans<\/td><td>Statistiques. Utilis\u00e9 pour stocker et compter les pages vues. <\/td><\/tr><tr><td>_gat<\/td><td>Tiers (Google Analytics)<\/td><td>30 minutes<\/td><td>Statistiques. Utilis\u00e9 pour lire et filtrer les demandes des robots. <\/td><\/tr><tr><td>_gid<\/td><td>Tiers (Google Analytics)<\/td><td>Fin de session<\/td><td>Statistiques. Configur\u00e9 pour stocker et compter les pages vues. <\/td><\/tr><tr><td>wp-wpml_current_language<\/td><td><\/td><td>1 jour<\/td><td>Fonctionnel. Pour enregistrer les param\u00e8tres linguistiques. <\/td><\/tr><tr><td>cmplz_consented_services<\/td><td><\/td><td>1 an<\/td><td>Fonctionnel. Pour enregistrer les pr\u00e9f\u00e9rences en mati\u00e8re de consentement aux cookies. <\/td><\/tr><tr><td>cmplz_functional<\/td><td><\/td><td>1 an<\/td><td>Fonctionnel. Pour enregistrer les pr\u00e9f\u00e9rences en mati\u00e8re de consentement aux cookies. <\/td><\/tr><tr><td>cmplz_marketing<\/td><td><\/td><td>1 an<\/td><td>Fonctionnel. Pour enregistrer les pr\u00e9f\u00e9rences en mati\u00e8re de consentement aux cookies. <\/td><\/tr><tr><td>cmplz_policy_id<\/td><td><\/td><td>1 an<\/td><td>Fonctionnel. Stocker l&rsquo;identifiant de la politique en mati\u00e8re de cookies accept\u00e9e. <\/td><\/tr><tr><td>cmplz_preferences<\/td><td><\/td><td>1 an<\/td><td>Fonctionnel. Pour enregistrer les pr\u00e9f\u00e9rences en mati\u00e8re de consentement aux cookies. <\/td><\/tr><tr><td>cmplz_statistics<\/td><td><\/td><td>1 an<\/td><td>Fonctionnel. Pour enregistrer les pr\u00e9f\u00e9rences en mati\u00e8re de consentement aux cookies. <\/td><\/tr><\/tbody><\/table><\/figure>\n\n<h2 class=\"wp-block-heading\"><strong>5. REVOCATION AND DELETION OF COOKIES<\/strong><\/h2>\n\n<p>\u00c0 tout moment, vous pouvez acc\u00e9der aux param\u00e8tres de votre navigateur pour accepter ou refuser tous les cookies, ou choisir ceux dont l&rsquo;installation est autoris\u00e9e et ceux qui ne le sont pas, en suivant les proc\u00e9dures propres au navigateur que vous utilisez.<\/p>\n\n<h2 class=\"wp-block-heading\"><strong>6. THIRD-PARTY SERVICE PROVIDERS<\/strong><\/h2>\n\n<p>Les prestataires de services tiers avec lesquels nous avons contract\u00e9 un service n\u00e9cessitant l&rsquo;utilisation de cookies sont \u00e9num\u00e9r\u00e9s ci-dessous :<\/p>\n\n<figure class=\"wp-block-table\"><table><thead><tr><td><strong>Fournisseur<\/strong><\/td><td><strong>Objectif du service et du cookie<\/strong><\/td><td><strong>Informations sur le fournisseur<\/strong><\/td><\/tr><\/thead><tbody><tr><td>GOOGLE Inc.<\/td><td>Analyse statistique du site web en termes de comptage des visiteurs, pages visit\u00e9es, mots-cl\u00e9s utilis\u00e9s, et similaires.<\/td><td>http:\/\/www.google.fr\/intl\/fr\/policies\/privacy\/<\/td><\/tr><\/tbody><\/table><\/figure>\n","protected":false},"excerpt":{"rendered":"<p>POLITIQUE DES COOKIES 1. BACKGROUND Conform\u00e9ment \u00e0 la r\u00e9glementation espagnole r\u00e9gissant l&rsquo;utilisation des cookies en relation avec la fourniture de services de communications \u00e9lectroniques, telle que d\u00e9finie \u00e0 l&rsquo;article 22.2 de la loi 34\/2002 du 11 juillet sur les services [&hellip;]<\/p>\n","protected":false},"author":1,"featured_media":0,"parent":0,"menu_order":0,"comment_status":"closed","ping_status":"closed","template":"","meta":[],"yoast_head":"<!-- This site is optimized with the Yoast SEO plugin v21.8.1 - https:\/\/yoast.com\/wordpress\/plugins\/seo\/ -->\n<title>Politique des cookies - Boreal Europe<\/title>\n<meta name=\"robots\" content=\"index, follow, max-snippet:-1, max-image-preview:large, max-video-preview:-1\" \/>\n<link rel=\"canonical\" href=\"https:\/\/europe.borealoutdoor.com\/fr\/politique-des-cookies\/\" \/>\n<meta property=\"og:locale\" content=\"fr_FR\" \/>\n<meta property=\"og:type\" content=\"article\" \/>\n<meta property=\"og:title\" content=\"Politique des cookies - Boreal Europe\" \/>\n<meta property=\"og:description\" content=\"POLITIQUE DES COOKIES 1. BACKGROUND Conform\u00e9ment \u00e0 la r\u00e9glementation espagnole r\u00e9gissant l&rsquo;utilisation des cookies en relation avec la fourniture de services de communications \u00e9lectroniques, telle que d\u00e9finie \u00e0 l&rsquo;article 22.2 de la loi 34\/2002 du 11 juillet sur les services [&hellip;]\" \/>\n<meta property=\"og:url\" content=\"https:\/\/europe.borealoutdoor.com\/fr\/politique-des-cookies\/\" \/>\n<meta property=\"og:site_name\" content=\"Boreal Europe\" \/>\n<meta property=\"article:publisher\" content=\"https:\/\/www.facebook.com\/Boreal.official\/\" \/>\n<meta property=\"article:modified_time\" content=\"2025-02-25T12:25:59+00:00\" \/>\n<meta name=\"twitter:card\" content=\"summary_large_image\" \/>\n<meta name=\"twitter:site\" content=\"@borealoutdoor\" \/>\n<meta name=\"twitter:label1\" content=\"Dur\u00e9e de lecture estim\u00e9e\" \/>\n\t<meta name=\"twitter:data1\" content=\"6 minutes\" \/>\n<script type=\"application\/ld+json\" class=\"yoast-schema-graph\">{\"@context\":\"https:\/\/schema.org\",\"@graph\":[{\"@type\":\"WebPage\",\"@id\":\"https:\/\/europe.borealoutdoor.com\/fr\/politique-des-cookies\/\",\"url\":\"https:\/\/europe.borealoutdoor.com\/fr\/politique-des-cookies\/\",\"name\":\"Politique des cookies - Boreal Europe\",\"isPartOf\":{\"@id\":\"https:\/\/europe.borealoutdoor.com\/fr\/#website\"},\"datePublished\":\"2023-01-16T08:51:59+00:00\",\"dateModified\":\"2025-02-25T12:25:59+00:00\",\"breadcrumb\":{\"@id\":\"https:\/\/europe.borealoutdoor.com\/fr\/politique-des-cookies\/#breadcrumb\"},\"inLanguage\":\"fr-FR\",\"potentialAction\":[{\"@type\":\"ReadAction\",\"target\":[\"https:\/\/europe.borealoutdoor.com\/fr\/politique-des-cookies\/\"]}]},{\"@type\":\"BreadcrumbList\",\"@id\":\"https:\/\/europe.borealoutdoor.com\/fr\/politique-des-cookies\/#breadcrumb\",\"itemListElement\":[{\"@type\":\"ListItem\",\"position\":1,\"name\":\"Portada\",\"item\":\"https:\/\/europe.borealoutdoor.com\/fr\/home\/\"},{\"@type\":\"ListItem\",\"position\":2,\"name\":\"Politique des cookies\"}]},{\"@type\":\"WebSite\",\"@id\":\"https:\/\/europe.borealoutdoor.com\/fr\/#website\",\"url\":\"https:\/\/europe.borealoutdoor.com\/fr\/\",\"name\":\"Boreal\",\"description\":\"\",\"publisher\":{\"@id\":\"https:\/\/europe.borealoutdoor.com\/fr\/#organization\"},\"potentialAction\":[{\"@type\":\"SearchAction\",\"target\":{\"@type\":\"EntryPoint\",\"urlTemplate\":\"https:\/\/europe.borealoutdoor.com\/fr\/?s={search_term_string}\"},\"query-input\":\"required name=search_term_string\"}],\"inLanguage\":\"fr-FR\"},{\"@type\":\"Organization\",\"@id\":\"https:\/\/europe.borealoutdoor.com\/fr\/#organization\",\"name\":\"Boreal\",\"url\":\"https:\/\/europe.borealoutdoor.com\/fr\/\",\"logo\":{\"@type\":\"ImageObject\",\"inLanguage\":\"fr-FR\",\"@id\":\"https:\/\/europe.borealoutdoor.com\/fr\/#\/schema\/logo\/image\/\",\"url\":\"https:\/\/europe.borealoutdoor.com\/wp-content\/uploads\/sites\/6\/2023\/11\/logo-vertical2.png\",\"contentUrl\":\"https:\/\/europe.borealoutdoor.com\/wp-content\/uploads\/sites\/6\/2023\/11\/logo-vertical2.png\",\"width\":257,\"height\":168,\"caption\":\"Boreal\"},\"image\":{\"@id\":\"https:\/\/europe.borealoutdoor.com\/fr\/#\/schema\/logo\/image\/\"},\"sameAs\":[\"https:\/\/www.facebook.com\/Boreal.official\/\",\"https:\/\/twitter.com\/borealoutdoor\",\"https:\/\/www.youtube.com\/user\/BorealVideos\",\"https:\/\/www.instagram.com\/borealoutdoor\/\"]}]}<\/script>\n<!-- \/ Yoast SEO plugin. -->","yoast_head_json":{"title":"Politique des cookies - Boreal Europe","robots":{"index":"index","follow":"follow","max-snippet":"max-snippet:-1","max-image-preview":"max-image-preview:large","max-video-preview":"max-video-preview:-1"},"canonical":"https:\/\/europe.borealoutdoor.com\/fr\/politique-des-cookies\/","og_locale":"fr_FR","og_type":"article","og_title":"Politique des cookies - Boreal Europe","og_description":"POLITIQUE DES COOKIES 1. BACKGROUND Conform\u00e9ment \u00e0 la r\u00e9glementation espagnole r\u00e9gissant l&rsquo;utilisation des cookies en relation avec la fourniture de services de communications \u00e9lectroniques, telle que d\u00e9finie \u00e0 l&rsquo;article 22.2 de la loi 34\/2002 du 11 juillet sur les services [&hellip;]","og_url":"https:\/\/europe.borealoutdoor.com\/fr\/politique-des-cookies\/","og_site_name":"Boreal Europe","article_publisher":"https:\/\/www.facebook.com\/Boreal.official\/","article_modified_time":"2025-02-25T12:25:59+00:00","twitter_card":"summary_large_image","twitter_site":"@borealoutdoor","twitter_misc":{"Dur\u00e9e de lecture estim\u00e9e":"6 minutes"},"schema":{"@context":"https:\/\/schema.org","@graph":[{"@type":"WebPage","@id":"https:\/\/europe.borealoutdoor.com\/fr\/politique-des-cookies\/","url":"https:\/\/europe.borealoutdoor.com\/fr\/politique-des-cookies\/","name":"Politique des cookies - Boreal Europe","isPartOf":{"@id":"https:\/\/europe.borealoutdoor.com\/fr\/#website"},"datePublished":"2023-01-16T08:51:59+00:00","dateModified":"2025-02-25T12:25:59+00:00","breadcrumb":{"@id":"https:\/\/europe.borealoutdoor.com\/fr\/politique-des-cookies\/#breadcrumb"},"inLanguage":"fr-FR","potentialAction":[{"@type":"ReadAction","target":["https:\/\/europe.borealoutdoor.com\/fr\/politique-des-cookies\/"]}]},{"@type":"BreadcrumbList","@id":"https:\/\/europe.borealoutdoor.com\/fr\/politique-des-cookies\/#breadcrumb","itemListElement":[{"@type":"ListItem","position":1,"name":"Portada","item":"https:\/\/europe.borealoutdoor.com\/fr\/home\/"},{"@type":"ListItem","position":2,"name":"Politique des cookies"}]},{"@type":"WebSite","@id":"https:\/\/europe.borealoutdoor.com\/fr\/#website","url":"https:\/\/europe.borealoutdoor.com\/fr\/","name":"Boreal","description":"","publisher":{"@id":"https:\/\/europe.borealoutdoor.com\/fr\/#organization"},"potentialAction":[{"@type":"SearchAction","target":{"@type":"EntryPoint","urlTemplate":"https:\/\/europe.borealoutdoor.com\/fr\/?s={search_term_string}"},"query-input":"required name=search_term_string"}],"inLanguage":"fr-FR"},{"@type":"Organization","@id":"https:\/\/europe.borealoutdoor.com\/fr\/#organization","name":"Boreal","url":"https:\/\/europe.borealoutdoor.com\/fr\/","logo":{"@type":"ImageObject","inLanguage":"fr-FR","@id":"https:\/\/europe.borealoutdoor.com\/fr\/#\/schema\/logo\/image\/","url":"https:\/\/europe.borealoutdoor.com\/wp-content\/uploads\/sites\/6\/2023\/11\/logo-vertical2.png","contentUrl":"https:\/\/europe.borealoutdoor.com\/wp-content\/uploads\/sites\/6\/2023\/11\/logo-vertical2.png","width":257,"height":168,"caption":"Boreal"},"image":{"@id":"https:\/\/europe.borealoutdoor.com\/fr\/#\/schema\/logo\/image\/"},"sameAs":["https:\/\/www.facebook.com\/Boreal.official\/","https:\/\/twitter.com\/borealoutdoor","https:\/\/www.youtube.com\/user\/BorealVideos","https:\/\/www.instagram.com\/borealoutdoor\/"]}]}},"_links":{"self":[{"href":"https:\/\/europe.borealoutdoor.com\/fr\/wp-json\/wp\/v2\/pages\/65802"}],"collection":[{"href":"https:\/\/europe.borealoutdoor.com\/fr\/wp-json\/wp\/v2\/pages"}],"about":[{"href":"https:\/\/europe.borealoutdoor.com\/fr\/wp-json\/wp\/v2\/types\/page"}],"author":[{"embeddable":true,"href":"https:\/\/europe.borealoutdoor.com\/fr\/wp-json\/wp\/v2\/users\/1"}],"replies":[{"embeddable":true,"href":"https:\/\/europe.borealoutdoor.com\/fr\/wp-json\/wp\/v2\/comments?post=65802"}],"version-history":[{"count":3,"href":"https:\/\/europe.borealoutdoor.com\/fr\/wp-json\/wp\/v2\/pages\/65802\/revisions"}],"predecessor-version":[{"id":93193,"href":"https:\/\/europe.borealoutdoor.com\/fr\/wp-json\/wp\/v2\/pages\/65802\/revisions\/93193"}],"wp:attachment":[{"href":"https:\/\/europe.borealoutdoor.com\/fr\/wp-json\/wp\/v2\/media?parent=65802"}],"curies":[{"name":"wp","href":"https:\/\/api.w.org\/{rel}","templated":true}]}}