{"id":60037,"date":"2024-04-03T11:36:02","date_gmt":"2024-04-03T09:36:02","guid":{"rendered":"https:\/\/europe.borealoutdoor.com\/product\/yucatan\/"},"modified":"2024-04-05T14:32:37","modified_gmt":"2024-04-05T12:32:37","slug":"yucatan","status":"publish","type":"product","link":"https:\/\/europe.borealoutdoor.com\/fr\/produit\/yucatan\/","title":{"rendered":"YUCATAN"},"content":{"rendered":"<p>Associant la robustesse d&rsquo;une chaussure tout cuir et la l\u00e9g\u00e8ret\u00e9 d&rsquo;une tige textile, la Yucatan est \u00e0 juste titre le premier choix des randonneurs. Cette nouvelle g\u00e9n\u00e9ration du mod\u00e8le int\u00e8gre diff\u00e9rentes am\u00e9liorations garantissant \u00e0 la Yucatan encore plus de confort et de fiabilit\u00e9.<\/p>\n","protected":false},"excerpt":{"rendered":"<p>Associant la robustesse d&rsquo;une chaussure tout cuir et la l\u00e9g\u00e8ret\u00e9 d&rsquo;une tige textile, la Yucatan est \u00e0 juste titre le premier choix des randonneurs. Cette nouvelle g\u00e9n\u00e9ration du mod\u00e8le int\u00e8gre diff\u00e9rentes am\u00e9liorations garantissant \u00e0 la Yucatan encore plus de confort [&hellip;]<\/p>\n","protected":false},"featured_media":55979,"comment_status":"closed","ping_status":"closed","template":"","meta":[],"product_cat":[384,399],"product_tag":[],"yoast_head":"<!-- This site is optimized with the Yoast SEO plugin v21.8.1 - https:\/\/yoast.com\/wordpress\/plugins\/seo\/ -->\n<title>YUCATAN - Boreal Europe<\/title>\n<meta name=\"robots\" content=\"index, follow, max-snippet:-1, max-image-preview:large, max-video-preview:-1\" \/>\n<link rel=\"canonical\" href=\"https:\/\/europe.borealoutdoor.com\/fr\/produit\/yucatan\/\" \/>\n<meta property=\"og:locale\" content=\"fr_FR\" \/>\n<meta property=\"og:type\" content=\"article\" \/>\n<meta property=\"og:title\" content=\"YUCATAN - Boreal Europe\" \/>\n<meta property=\"og:description\" content=\"Associant la robustesse d&rsquo;une chaussure tout cuir et la l\u00e9g\u00e8ret\u00e9 d&rsquo;une tige textile, la Yucatan est \u00e0 juste titre le premier choix des randonneurs. Cette nouvelle g\u00e9n\u00e9ration du mod\u00e8le int\u00e8gre diff\u00e9rentes am\u00e9liorations garantissant \u00e0 la Yucatan encore plus de confort [&hellip;]\" \/>\n<meta property=\"og:url\" content=\"https:\/\/europe.borealoutdoor.com\/fr\/produit\/yucatan\/\" \/>\n<meta property=\"og:site_name\" content=\"Boreal Europe\" \/>\n<meta property=\"article:publisher\" content=\"https:\/\/www.facebook.com\/Boreal.official\/\" \/>\n<meta property=\"article:modified_time\" content=\"2024-04-05T12:32:37+00:00\" \/>\n<meta property=\"og:image\" content=\"https:\/\/europe.borealoutdoor.com\/wp-content\/uploads\/sites\/6\/2024\/04\/44854.jpg\" \/>\n\t<meta property=\"og:image:width\" content=\"1000\" \/>\n\t<meta property=\"og:image:height\" content=\"1000\" \/>\n\t<meta property=\"og:image:type\" content=\"image\/jpeg\" \/>\n<meta name=\"twitter:card\" content=\"summary_large_image\" \/>\n<meta name=\"twitter:site\" content=\"@borealoutdoor\" \/>\n<script type=\"application\/ld+json\" class=\"yoast-schema-graph\">{\"@context\":\"https:\/\/schema.org\",\"@graph\":[{\"@type\":\"WebPage\",\"@id\":\"https:\/\/europe.borealoutdoor.com\/fr\/produit\/yucatan\/\",\"url\":\"https:\/\/europe.borealoutdoor.com\/fr\/produit\/yucatan\/\",\"name\":\"YUCATAN - Boreal Europe\",\"isPartOf\":{\"@id\":\"https:\/\/europe.borealoutdoor.com\/fr\/#website\"},\"datePublished\":\"2024-04-03T09:36:02+00:00\",\"dateModified\":\"2024-04-05T12:32:37+00:00\",\"breadcrumb\":{\"@id\":\"https:\/\/europe.borealoutdoor.com\/fr\/produit\/yucatan\/#breadcrumb\"},\"inLanguage\":\"fr-FR\",\"potentialAction\":[{\"@type\":\"ReadAction\",\"target\":[\"https:\/\/europe.borealoutdoor.com\/fr\/produit\/yucatan\/\"]}]},{\"@type\":\"BreadcrumbList\",\"@id\":\"https:\/\/europe.borealoutdoor.com\/fr\/produit\/yucatan\/#breadcrumb\",\"itemListElement\":[{\"@type\":\"ListItem\",\"position\":1,\"name\":\"Portada\",\"item\":\"https:\/\/europe.borealoutdoor.com\/fr\/home\/\"},{\"@type\":\"ListItem\",\"position\":2,\"name\":\"YUCATAN\"}]},{\"@type\":\"WebSite\",\"@id\":\"https:\/\/europe.borealoutdoor.com\/fr\/#website\",\"url\":\"https:\/\/europe.borealoutdoor.com\/fr\/\",\"name\":\"Boreal\",\"description\":\"\",\"publisher\":{\"@id\":\"https:\/\/europe.borealoutdoor.com\/fr\/#organization\"},\"potentialAction\":[{\"@type\":\"SearchAction\",\"target\":{\"@type\":\"EntryPoint\",\"urlTemplate\":\"https:\/\/europe.borealoutdoor.com\/fr\/?s={search_term_string}\"},\"query-input\":\"required name=search_term_string\"}],\"inLanguage\":\"fr-FR\"},{\"@type\":\"Organization\",\"@id\":\"https:\/\/europe.borealoutdoor.com\/fr\/#organization\",\"name\":\"Boreal\",\"url\":\"https:\/\/europe.borealoutdoor.com\/fr\/\",\"logo\":{\"@type\":\"ImageObject\",\"inLanguage\":\"fr-FR\",\"@id\":\"https:\/\/europe.borealoutdoor.com\/fr\/#\/schema\/logo\/image\/\",\"url\":\"https:\/\/europe.borealoutdoor.com\/wp-content\/uploads\/sites\/6\/2023\/11\/logo-vertical2.png\",\"contentUrl\":\"https:\/\/europe.borealoutdoor.com\/wp-content\/uploads\/sites\/6\/2023\/11\/logo-vertical2.png\",\"width\":257,\"height\":168,\"caption\":\"Boreal\"},\"image\":{\"@id\":\"https:\/\/europe.borealoutdoor.com\/fr\/#\/schema\/logo\/image\/\"},\"sameAs\":[\"https:\/\/www.facebook.com\/Boreal.official\/\",\"https:\/\/twitter.com\/borealoutdoor\",\"https:\/\/www.youtube.com\/user\/BorealVideos\",\"https:\/\/www.instagram.com\/borealoutdoor\/\"]}]}<\/script>\n<!-- \/ Yoast SEO plugin. -->","yoast_head_json":{"title":"YUCATAN - Boreal Europe","robots":{"index":"index","follow":"follow","max-snippet":"max-snippet:-1","max-image-preview":"max-image-preview:large","max-video-preview":"max-video-preview:-1"},"canonical":"https:\/\/europe.borealoutdoor.com\/fr\/produit\/yucatan\/","og_locale":"fr_FR","og_type":"article","og_title":"YUCATAN - Boreal Europe","og_description":"Associant la robustesse d&rsquo;une chaussure tout cuir et la l\u00e9g\u00e8ret\u00e9 d&rsquo;une tige textile, la Yucatan est \u00e0 juste titre le premier choix des randonneurs. Cette nouvelle g\u00e9n\u00e9ration du mod\u00e8le int\u00e8gre diff\u00e9rentes am\u00e9liorations garantissant \u00e0 la Yucatan encore plus de confort [&hellip;]","og_url":"https:\/\/europe.borealoutdoor.com\/fr\/produit\/yucatan\/","og_site_name":"Boreal Europe","article_publisher":"https:\/\/www.facebook.com\/Boreal.official\/","article_modified_time":"2024-04-05T12:32:37+00:00","og_image":[{"width":1000,"height":1000,"url":"https:\/\/europe.borealoutdoor.com\/wp-content\/uploads\/sites\/6\/2024\/04\/44854.jpg","type":"image\/jpeg"}],"twitter_card":"summary_large_image","twitter_site":"@borealoutdoor","schema":{"@context":"https:\/\/schema.org","@graph":[{"@type":"WebPage","@id":"https:\/\/europe.borealoutdoor.com\/fr\/produit\/yucatan\/","url":"https:\/\/europe.borealoutdoor.com\/fr\/produit\/yucatan\/","name":"YUCATAN - Boreal Europe","isPartOf":{"@id":"https:\/\/europe.borealoutdoor.com\/fr\/#website"},"datePublished":"2024-04-03T09:36:02+00:00","dateModified":"2024-04-05T12:32:37+00:00","breadcrumb":{"@id":"https:\/\/europe.borealoutdoor.com\/fr\/produit\/yucatan\/#breadcrumb"},"inLanguage":"fr-FR","potentialAction":[{"@type":"ReadAction","target":["https:\/\/europe.borealoutdoor.com\/fr\/produit\/yucatan\/"]}]},{"@type":"BreadcrumbList","@id":"https:\/\/europe.borealoutdoor.com\/fr\/produit\/yucatan\/#breadcrumb","itemListElement":[{"@type":"ListItem","position":1,"name":"Portada","item":"https:\/\/europe.borealoutdoor.com\/fr\/home\/"},{"@type":"ListItem","position":2,"name":"YUCATAN"}]},{"@type":"WebSite","@id":"https:\/\/europe.borealoutdoor.com\/fr\/#website","url":"https:\/\/europe.borealoutdoor.com\/fr\/","name":"Boreal","description":"","publisher":{"@id":"https:\/\/europe.borealoutdoor.com\/fr\/#organization"},"potentialAction":[{"@type":"SearchAction","target":{"@type":"EntryPoint","urlTemplate":"https:\/\/europe.borealoutdoor.com\/fr\/?s={search_term_string}"},"query-input":"required name=search_term_string"}],"inLanguage":"fr-FR"},{"@type":"Organization","@id":"https:\/\/europe.borealoutdoor.com\/fr\/#organization","name":"Boreal","url":"https:\/\/europe.borealoutdoor.com\/fr\/","logo":{"@type":"ImageObject","inLanguage":"fr-FR","@id":"https:\/\/europe.borealoutdoor.com\/fr\/#\/schema\/logo\/image\/","url":"https:\/\/europe.borealoutdoor.com\/wp-content\/uploads\/sites\/6\/2023\/11\/logo-vertical2.png","contentUrl":"https:\/\/europe.borealoutdoor.com\/wp-content\/uploads\/sites\/6\/2023\/11\/logo-vertical2.png","width":257,"height":168,"caption":"Boreal"},"image":{"@id":"https:\/\/europe.borealoutdoor.com\/fr\/#\/schema\/logo\/image\/"},"sameAs":["https:\/\/www.facebook.com\/Boreal.official\/","https:\/\/twitter.com\/borealoutdoor","https:\/\/www.youtube.com\/user\/BorealVideos","https:\/\/www.instagram.com\/borealoutdoor\/"]}]}},"_links":{"self":[{"href":"https:\/\/europe.borealoutdoor.com\/fr\/wp-json\/wp\/v2\/product\/60037"}],"collection":[{"href":"https:\/\/europe.borealoutdoor.com\/fr\/wp-json\/wp\/v2\/product"}],"about":[{"href":"https:\/\/europe.borealoutdoor.com\/fr\/wp-json\/wp\/v2\/types\/product"}],"replies":[{"embeddable":true,"href":"https:\/\/europe.borealoutdoor.com\/fr\/wp-json\/wp\/v2\/comments?post=60037"}],"wp:featuredmedia":[{"embeddable":true,"href":"https:\/\/europe.borealoutdoor.com\/fr\/wp-json\/wp\/v2\/media\/55979"}],"wp:attachment":[{"href":"https:\/\/europe.borealoutdoor.com\/fr\/wp-json\/wp\/v2\/media?parent=60037"}],"wp:term":[{"taxonomy":"product_cat","embeddable":true,"href":"https:\/\/europe.borealoutdoor.com\/fr\/wp-json\/wp\/v2\/product_cat?post=60037"},{"taxonomy":"product_tag","embeddable":true,"href":"https:\/\/europe.borealoutdoor.com\/fr\/wp-json\/wp\/v2\/product_tag?post=60037"}],"curies":[{"name":"wp","href":"https:\/\/api.w.org\/{rel}","templated":true}]}}