{"id":62618,"date":"2024-04-02T09:43:59","date_gmt":"2024-04-02T07:43:59","guid":{"rendered":"https:\/\/europe.borealoutdoor.com\/product\/ninja-jr\/"},"modified":"2024-04-24T12:17:13","modified_gmt":"2024-04-24T10:17:13","slug":"ninja-jr","status":"publish","type":"product","link":"https:\/\/europe.borealoutdoor.com\/fr\/produit\/ninja-jr\/","title":{"rendered":"NINJA JR"},"content":{"rendered":"<p>Un classique pour vos enfants! Le Ninja Junior de BOREAL est con\u00e7u avec les m\u00eames mat\u00e9riaux et le m\u00eame savoir faire que nos mod\u00e8les adultes. Facile et rapide \u00e0 enfiler, il est sp\u00e9cialement adapt\u00e9 aux petits grimpeurs.<\/p>\n","protected":false},"excerpt":{"rendered":"<p>Un classique pour vos enfants! Le Ninja Junior de BOREAL est con\u00e7u avec les m\u00eames mat\u00e9riaux et le m\u00eame savoir faire que nos mod\u00e8les adultes. Facile et rapide \u00e0 enfiler, il est sp\u00e9cialement adapt\u00e9 aux petits grimpeurs.<\/p>\n","protected":false},"featured_media":52748,"comment_status":"closed","ping_status":"closed","template":"","meta":[],"product_cat":[332,344],"product_tag":[],"yoast_head":"<!-- This site is optimized with the Yoast SEO plugin v21.8.1 - https:\/\/yoast.com\/wordpress\/plugins\/seo\/ -->\n<title>NINJA JR - Boreal Europe<\/title>\n<meta name=\"robots\" content=\"index, follow, max-snippet:-1, max-image-preview:large, max-video-preview:-1\" \/>\n<link rel=\"canonical\" href=\"https:\/\/europe.borealoutdoor.com\/fr\/produit\/ninja-jr\/\" \/>\n<meta property=\"og:locale\" content=\"fr_FR\" \/>\n<meta property=\"og:type\" content=\"article\" \/>\n<meta property=\"og:title\" content=\"NINJA JR - Boreal Europe\" \/>\n<meta property=\"og:description\" content=\"Un classique pour vos enfants! Le Ninja Junior de BOREAL est con\u00e7u avec les m\u00eames mat\u00e9riaux et le m\u00eame savoir faire que nos mod\u00e8les adultes. Facile et rapide \u00e0 enfiler, il est sp\u00e9cialement adapt\u00e9 aux petits grimpeurs.\" \/>\n<meta property=\"og:url\" content=\"https:\/\/europe.borealoutdoor.com\/fr\/produit\/ninja-jr\/\" \/>\n<meta property=\"og:site_name\" content=\"Boreal Europe\" \/>\n<meta property=\"article:publisher\" content=\"https:\/\/www.facebook.com\/Boreal.official\/\" \/>\n<meta property=\"article:modified_time\" content=\"2024-04-24T10:17:13+00:00\" \/>\n<meta property=\"og:image\" content=\"https:\/\/europe.borealoutdoor.com\/wp-content\/uploads\/sites\/6\/2024\/04\/11185.jpg\" \/>\n\t<meta property=\"og:image:width\" content=\"1000\" \/>\n\t<meta property=\"og:image:height\" content=\"1000\" \/>\n\t<meta property=\"og:image:type\" content=\"image\/jpeg\" \/>\n<meta name=\"twitter:card\" content=\"summary_large_image\" \/>\n<meta name=\"twitter:site\" content=\"@borealoutdoor\" \/>\n<script type=\"application\/ld+json\" class=\"yoast-schema-graph\">{\"@context\":\"https:\/\/schema.org\",\"@graph\":[{\"@type\":\"WebPage\",\"@id\":\"https:\/\/europe.borealoutdoor.com\/fr\/produit\/ninja-jr\/\",\"url\":\"https:\/\/europe.borealoutdoor.com\/fr\/produit\/ninja-jr\/\",\"name\":\"NINJA JR - Boreal Europe\",\"isPartOf\":{\"@id\":\"https:\/\/europe.borealoutdoor.com\/fr\/#website\"},\"datePublished\":\"2024-04-02T07:43:59+00:00\",\"dateModified\":\"2024-04-24T10:17:13+00:00\",\"breadcrumb\":{\"@id\":\"https:\/\/europe.borealoutdoor.com\/fr\/produit\/ninja-jr\/#breadcrumb\"},\"inLanguage\":\"fr-FR\",\"potentialAction\":[{\"@type\":\"ReadAction\",\"target\":[\"https:\/\/europe.borealoutdoor.com\/fr\/produit\/ninja-jr\/\"]}]},{\"@type\":\"BreadcrumbList\",\"@id\":\"https:\/\/europe.borealoutdoor.com\/fr\/produit\/ninja-jr\/#breadcrumb\",\"itemListElement\":[{\"@type\":\"ListItem\",\"position\":1,\"name\":\"Portada\",\"item\":\"https:\/\/europe.borealoutdoor.com\/fr\/home\/\"},{\"@type\":\"ListItem\",\"position\":2,\"name\":\"NINJA JR\"}]},{\"@type\":\"WebSite\",\"@id\":\"https:\/\/europe.borealoutdoor.com\/fr\/#website\",\"url\":\"https:\/\/europe.borealoutdoor.com\/fr\/\",\"name\":\"Boreal\",\"description\":\"\",\"publisher\":{\"@id\":\"https:\/\/europe.borealoutdoor.com\/fr\/#organization\"},\"potentialAction\":[{\"@type\":\"SearchAction\",\"target\":{\"@type\":\"EntryPoint\",\"urlTemplate\":\"https:\/\/europe.borealoutdoor.com\/fr\/?s={search_term_string}\"},\"query-input\":\"required name=search_term_string\"}],\"inLanguage\":\"fr-FR\"},{\"@type\":\"Organization\",\"@id\":\"https:\/\/europe.borealoutdoor.com\/fr\/#organization\",\"name\":\"Boreal\",\"url\":\"https:\/\/europe.borealoutdoor.com\/fr\/\",\"logo\":{\"@type\":\"ImageObject\",\"inLanguage\":\"fr-FR\",\"@id\":\"https:\/\/europe.borealoutdoor.com\/fr\/#\/schema\/logo\/image\/\",\"url\":\"https:\/\/europe.borealoutdoor.com\/wp-content\/uploads\/sites\/6\/2023\/11\/logo-vertical2.png\",\"contentUrl\":\"https:\/\/europe.borealoutdoor.com\/wp-content\/uploads\/sites\/6\/2023\/11\/logo-vertical2.png\",\"width\":257,\"height\":168,\"caption\":\"Boreal\"},\"image\":{\"@id\":\"https:\/\/europe.borealoutdoor.com\/fr\/#\/schema\/logo\/image\/\"},\"sameAs\":[\"https:\/\/www.facebook.com\/Boreal.official\/\",\"https:\/\/twitter.com\/borealoutdoor\",\"https:\/\/www.youtube.com\/user\/BorealVideos\",\"https:\/\/www.instagram.com\/borealoutdoor\/\"]}]}<\/script>\n<!-- \/ Yoast SEO plugin. -->","yoast_head_json":{"title":"NINJA JR - Boreal Europe","robots":{"index":"index","follow":"follow","max-snippet":"max-snippet:-1","max-image-preview":"max-image-preview:large","max-video-preview":"max-video-preview:-1"},"canonical":"https:\/\/europe.borealoutdoor.com\/fr\/produit\/ninja-jr\/","og_locale":"fr_FR","og_type":"article","og_title":"NINJA JR - Boreal Europe","og_description":"Un classique pour vos enfants! Le Ninja Junior de BOREAL est con\u00e7u avec les m\u00eames mat\u00e9riaux et le m\u00eame savoir faire que nos mod\u00e8les adultes. Facile et rapide \u00e0 enfiler, il est sp\u00e9cialement adapt\u00e9 aux petits grimpeurs.","og_url":"https:\/\/europe.borealoutdoor.com\/fr\/produit\/ninja-jr\/","og_site_name":"Boreal Europe","article_publisher":"https:\/\/www.facebook.com\/Boreal.official\/","article_modified_time":"2024-04-24T10:17:13+00:00","og_image":[{"width":1000,"height":1000,"url":"https:\/\/europe.borealoutdoor.com\/wp-content\/uploads\/sites\/6\/2024\/04\/11185.jpg","type":"image\/jpeg"}],"twitter_card":"summary_large_image","twitter_site":"@borealoutdoor","schema":{"@context":"https:\/\/schema.org","@graph":[{"@type":"WebPage","@id":"https:\/\/europe.borealoutdoor.com\/fr\/produit\/ninja-jr\/","url":"https:\/\/europe.borealoutdoor.com\/fr\/produit\/ninja-jr\/","name":"NINJA JR - Boreal Europe","isPartOf":{"@id":"https:\/\/europe.borealoutdoor.com\/fr\/#website"},"datePublished":"2024-04-02T07:43:59+00:00","dateModified":"2024-04-24T10:17:13+00:00","breadcrumb":{"@id":"https:\/\/europe.borealoutdoor.com\/fr\/produit\/ninja-jr\/#breadcrumb"},"inLanguage":"fr-FR","potentialAction":[{"@type":"ReadAction","target":["https:\/\/europe.borealoutdoor.com\/fr\/produit\/ninja-jr\/"]}]},{"@type":"BreadcrumbList","@id":"https:\/\/europe.borealoutdoor.com\/fr\/produit\/ninja-jr\/#breadcrumb","itemListElement":[{"@type":"ListItem","position":1,"name":"Portada","item":"https:\/\/europe.borealoutdoor.com\/fr\/home\/"},{"@type":"ListItem","position":2,"name":"NINJA JR"}]},{"@type":"WebSite","@id":"https:\/\/europe.borealoutdoor.com\/fr\/#website","url":"https:\/\/europe.borealoutdoor.com\/fr\/","name":"Boreal","description":"","publisher":{"@id":"https:\/\/europe.borealoutdoor.com\/fr\/#organization"},"potentialAction":[{"@type":"SearchAction","target":{"@type":"EntryPoint","urlTemplate":"https:\/\/europe.borealoutdoor.com\/fr\/?s={search_term_string}"},"query-input":"required name=search_term_string"}],"inLanguage":"fr-FR"},{"@type":"Organization","@id":"https:\/\/europe.borealoutdoor.com\/fr\/#organization","name":"Boreal","url":"https:\/\/europe.borealoutdoor.com\/fr\/","logo":{"@type":"ImageObject","inLanguage":"fr-FR","@id":"https:\/\/europe.borealoutdoor.com\/fr\/#\/schema\/logo\/image\/","url":"https:\/\/europe.borealoutdoor.com\/wp-content\/uploads\/sites\/6\/2023\/11\/logo-vertical2.png","contentUrl":"https:\/\/europe.borealoutdoor.com\/wp-content\/uploads\/sites\/6\/2023\/11\/logo-vertical2.png","width":257,"height":168,"caption":"Boreal"},"image":{"@id":"https:\/\/europe.borealoutdoor.com\/fr\/#\/schema\/logo\/image\/"},"sameAs":["https:\/\/www.facebook.com\/Boreal.official\/","https:\/\/twitter.com\/borealoutdoor","https:\/\/www.youtube.com\/user\/BorealVideos","https:\/\/www.instagram.com\/borealoutdoor\/"]}]}},"_links":{"self":[{"href":"https:\/\/europe.borealoutdoor.com\/fr\/wp-json\/wp\/v2\/product\/62618"}],"collection":[{"href":"https:\/\/europe.borealoutdoor.com\/fr\/wp-json\/wp\/v2\/product"}],"about":[{"href":"https:\/\/europe.borealoutdoor.com\/fr\/wp-json\/wp\/v2\/types\/product"}],"replies":[{"embeddable":true,"href":"https:\/\/europe.borealoutdoor.com\/fr\/wp-json\/wp\/v2\/comments?post=62618"}],"wp:featuredmedia":[{"embeddable":true,"href":"https:\/\/europe.borealoutdoor.com\/fr\/wp-json\/wp\/v2\/media\/52748"}],"wp:attachment":[{"href":"https:\/\/europe.borealoutdoor.com\/fr\/wp-json\/wp\/v2\/media?parent=62618"}],"wp:term":[{"taxonomy":"product_cat","embeddable":true,"href":"https:\/\/europe.borealoutdoor.com\/fr\/wp-json\/wp\/v2\/product_cat?post=62618"},{"taxonomy":"product_tag","embeddable":true,"href":"https:\/\/europe.borealoutdoor.com\/fr\/wp-json\/wp\/v2\/product_tag?post=62618"}],"curies":[{"name":"wp","href":"https:\/\/api.w.org\/{rel}","templated":true}]}}