{"id":96358,"date":"2026-04-28T09:40:48","date_gmt":"2026-04-28T07:40:48","guid":{"rendered":"https:\/\/europe.borealoutdoor.com\/product\/leria-azul-antracita\/"},"modified":"2026-04-28T10:05:38","modified_gmt":"2026-04-28T08:05:38","slug":"leria-azul-antracita","status":"publish","type":"product","link":"https:\/\/europe.borealoutdoor.com\/fr\/produit\/leria-azul-antracita\/","title":{"rendered":"LERIA AZUL\/ANTRACITA"},"content":{"rendered":"<p>Leria est une chaussure de marche en cuir et textile extr\u00eamement confortable avec une hauteur de cheville relativement basse et comportant de la souplesse. Les coutures contrast\u00e9es offrent un aspect subtil et \u00e9l\u00e9gant, tandis que la construction durable la rend id\u00e9ale pour explorer les sentiers de randonn\u00e9e et les sentiers \u00e0 la maison ou \u00e0 l\u2019\u00e9tranger.<\/p>\n","protected":false},"excerpt":{"rendered":"<p>Leria est une chaussure de marche en cuir et textile extr\u00eamement confortable avec une hauteur de cheville relativement basse et comportant de la souplesse. Les coutures contrast\u00e9es offrent un aspect subtil et \u00e9l\u00e9gant, tandis que la construction durable la rend [&hellip;]<\/p>\n","protected":false},"featured_media":95813,"comment_status":"closed","ping_status":"open","template":"","meta":[],"product_cat":[1010],"product_tag":[],"yoast_head":"<!-- This site is optimized with the Yoast SEO plugin v21.8.1 - https:\/\/yoast.com\/wordpress\/plugins\/seo\/ -->\n<title>LERIA AZUL\/ANTRACITA - Boreal Europe<\/title>\n<meta name=\"robots\" content=\"index, follow, max-snippet:-1, max-image-preview:large, max-video-preview:-1\" \/>\n<link rel=\"canonical\" href=\"https:\/\/europe.borealoutdoor.com\/fr\/produit\/leria-azul-antracita\/\" \/>\n<meta property=\"og:locale\" content=\"fr_FR\" \/>\n<meta property=\"og:type\" content=\"article\" \/>\n<meta property=\"og:title\" content=\"LERIA AZUL\/ANTRACITA - Boreal Europe\" \/>\n<meta property=\"og:description\" content=\"Leria est une chaussure de marche en cuir et textile extr\u00eamement confortable avec une hauteur de cheville relativement basse et comportant de la souplesse. Les coutures contrast\u00e9es offrent un aspect subtil et \u00e9l\u00e9gant, tandis que la construction durable la rend [&hellip;]\" \/>\n<meta property=\"og:url\" content=\"https:\/\/europe.borealoutdoor.com\/fr\/produit\/leria-azul-antracita\/\" \/>\n<meta property=\"og:site_name\" content=\"Boreal Europe\" \/>\n<meta property=\"article:publisher\" content=\"https:\/\/www.facebook.com\/Boreal.official\/\" \/>\n<meta property=\"article:modified_time\" content=\"2026-04-28T08:05:38+00:00\" \/>\n<meta property=\"og:image\" content=\"https:\/\/europe.borealoutdoor.com\/wp-content\/uploads\/sites\/6\/2026\/04\/47044.jpg\" \/>\n\t<meta property=\"og:image:width\" content=\"1000\" \/>\n\t<meta property=\"og:image:height\" content=\"1000\" \/>\n\t<meta property=\"og:image:type\" content=\"image\/jpeg\" \/>\n<meta name=\"twitter:card\" content=\"summary_large_image\" \/>\n<meta name=\"twitter:site\" content=\"@borealoutdoor\" \/>\n<script type=\"application\/ld+json\" class=\"yoast-schema-graph\">{\"@context\":\"https:\/\/schema.org\",\"@graph\":[{\"@type\":\"WebPage\",\"@id\":\"https:\/\/europe.borealoutdoor.com\/fr\/produit\/leria-azul-antracita\/\",\"url\":\"https:\/\/europe.borealoutdoor.com\/fr\/produit\/leria-azul-antracita\/\",\"name\":\"LERIA AZUL\/ANTRACITA - Boreal Europe\",\"isPartOf\":{\"@id\":\"https:\/\/europe.borealoutdoor.com\/fr\/#website\"},\"datePublished\":\"2026-04-28T07:40:48+00:00\",\"dateModified\":\"2026-04-28T08:05:38+00:00\",\"breadcrumb\":{\"@id\":\"https:\/\/europe.borealoutdoor.com\/fr\/produit\/leria-azul-antracita\/#breadcrumb\"},\"inLanguage\":\"fr-FR\",\"potentialAction\":[{\"@type\":\"ReadAction\",\"target\":[\"https:\/\/europe.borealoutdoor.com\/fr\/produit\/leria-azul-antracita\/\"]}]},{\"@type\":\"BreadcrumbList\",\"@id\":\"https:\/\/europe.borealoutdoor.com\/fr\/produit\/leria-azul-antracita\/#breadcrumb\",\"itemListElement\":[{\"@type\":\"ListItem\",\"position\":1,\"name\":\"Portada\",\"item\":\"https:\/\/europe.borealoutdoor.com\/fr\/home\/\"},{\"@type\":\"ListItem\",\"position\":2,\"name\":\"LERIA AZUL\/ANTRACITA\"}]},{\"@type\":\"WebSite\",\"@id\":\"https:\/\/europe.borealoutdoor.com\/fr\/#website\",\"url\":\"https:\/\/europe.borealoutdoor.com\/fr\/\",\"name\":\"Boreal\",\"description\":\"\",\"publisher\":{\"@id\":\"https:\/\/europe.borealoutdoor.com\/fr\/#organization\"},\"potentialAction\":[{\"@type\":\"SearchAction\",\"target\":{\"@type\":\"EntryPoint\",\"urlTemplate\":\"https:\/\/europe.borealoutdoor.com\/fr\/?s={search_term_string}\"},\"query-input\":\"required name=search_term_string\"}],\"inLanguage\":\"fr-FR\"},{\"@type\":\"Organization\",\"@id\":\"https:\/\/europe.borealoutdoor.com\/fr\/#organization\",\"name\":\"Boreal\",\"url\":\"https:\/\/europe.borealoutdoor.com\/fr\/\",\"logo\":{\"@type\":\"ImageObject\",\"inLanguage\":\"fr-FR\",\"@id\":\"https:\/\/europe.borealoutdoor.com\/fr\/#\/schema\/logo\/image\/\",\"url\":\"https:\/\/europe.borealoutdoor.com\/wp-content\/uploads\/sites\/6\/2023\/11\/logo-vertical2.png\",\"contentUrl\":\"https:\/\/europe.borealoutdoor.com\/wp-content\/uploads\/sites\/6\/2023\/11\/logo-vertical2.png\",\"width\":257,\"height\":168,\"caption\":\"Boreal\"},\"image\":{\"@id\":\"https:\/\/europe.borealoutdoor.com\/fr\/#\/schema\/logo\/image\/\"},\"sameAs\":[\"https:\/\/www.facebook.com\/Boreal.official\/\",\"https:\/\/twitter.com\/borealoutdoor\",\"https:\/\/www.youtube.com\/user\/BorealVideos\",\"https:\/\/www.instagram.com\/borealoutdoor\/\"]}]}<\/script>\n<!-- \/ Yoast SEO plugin. -->","yoast_head_json":{"title":"LERIA AZUL\/ANTRACITA - Boreal Europe","robots":{"index":"index","follow":"follow","max-snippet":"max-snippet:-1","max-image-preview":"max-image-preview:large","max-video-preview":"max-video-preview:-1"},"canonical":"https:\/\/europe.borealoutdoor.com\/fr\/produit\/leria-azul-antracita\/","og_locale":"fr_FR","og_type":"article","og_title":"LERIA AZUL\/ANTRACITA - Boreal Europe","og_description":"Leria est une chaussure de marche en cuir et textile extr\u00eamement confortable avec une hauteur de cheville relativement basse et comportant de la souplesse. Les coutures contrast\u00e9es offrent un aspect subtil et \u00e9l\u00e9gant, tandis que la construction durable la rend [&hellip;]","og_url":"https:\/\/europe.borealoutdoor.com\/fr\/produit\/leria-azul-antracita\/","og_site_name":"Boreal Europe","article_publisher":"https:\/\/www.facebook.com\/Boreal.official\/","article_modified_time":"2026-04-28T08:05:38+00:00","og_image":[{"width":1000,"height":1000,"url":"https:\/\/europe.borealoutdoor.com\/wp-content\/uploads\/sites\/6\/2026\/04\/47044.jpg","type":"image\/jpeg"}],"twitter_card":"summary_large_image","twitter_site":"@borealoutdoor","schema":{"@context":"https:\/\/schema.org","@graph":[{"@type":"WebPage","@id":"https:\/\/europe.borealoutdoor.com\/fr\/produit\/leria-azul-antracita\/","url":"https:\/\/europe.borealoutdoor.com\/fr\/produit\/leria-azul-antracita\/","name":"LERIA AZUL\/ANTRACITA - Boreal Europe","isPartOf":{"@id":"https:\/\/europe.borealoutdoor.com\/fr\/#website"},"datePublished":"2026-04-28T07:40:48+00:00","dateModified":"2026-04-28T08:05:38+00:00","breadcrumb":{"@id":"https:\/\/europe.borealoutdoor.com\/fr\/produit\/leria-azul-antracita\/#breadcrumb"},"inLanguage":"fr-FR","potentialAction":[{"@type":"ReadAction","target":["https:\/\/europe.borealoutdoor.com\/fr\/produit\/leria-azul-antracita\/"]}]},{"@type":"BreadcrumbList","@id":"https:\/\/europe.borealoutdoor.com\/fr\/produit\/leria-azul-antracita\/#breadcrumb","itemListElement":[{"@type":"ListItem","position":1,"name":"Portada","item":"https:\/\/europe.borealoutdoor.com\/fr\/home\/"},{"@type":"ListItem","position":2,"name":"LERIA AZUL\/ANTRACITA"}]},{"@type":"WebSite","@id":"https:\/\/europe.borealoutdoor.com\/fr\/#website","url":"https:\/\/europe.borealoutdoor.com\/fr\/","name":"Boreal","description":"","publisher":{"@id":"https:\/\/europe.borealoutdoor.com\/fr\/#organization"},"potentialAction":[{"@type":"SearchAction","target":{"@type":"EntryPoint","urlTemplate":"https:\/\/europe.borealoutdoor.com\/fr\/?s={search_term_string}"},"query-input":"required name=search_term_string"}],"inLanguage":"fr-FR"},{"@type":"Organization","@id":"https:\/\/europe.borealoutdoor.com\/fr\/#organization","name":"Boreal","url":"https:\/\/europe.borealoutdoor.com\/fr\/","logo":{"@type":"ImageObject","inLanguage":"fr-FR","@id":"https:\/\/europe.borealoutdoor.com\/fr\/#\/schema\/logo\/image\/","url":"https:\/\/europe.borealoutdoor.com\/wp-content\/uploads\/sites\/6\/2023\/11\/logo-vertical2.png","contentUrl":"https:\/\/europe.borealoutdoor.com\/wp-content\/uploads\/sites\/6\/2023\/11\/logo-vertical2.png","width":257,"height":168,"caption":"Boreal"},"image":{"@id":"https:\/\/europe.borealoutdoor.com\/fr\/#\/schema\/logo\/image\/"},"sameAs":["https:\/\/www.facebook.com\/Boreal.official\/","https:\/\/twitter.com\/borealoutdoor","https:\/\/www.youtube.com\/user\/BorealVideos","https:\/\/www.instagram.com\/borealoutdoor\/"]}]}},"_links":{"self":[{"href":"https:\/\/europe.borealoutdoor.com\/fr\/wp-json\/wp\/v2\/product\/96358"}],"collection":[{"href":"https:\/\/europe.borealoutdoor.com\/fr\/wp-json\/wp\/v2\/product"}],"about":[{"href":"https:\/\/europe.borealoutdoor.com\/fr\/wp-json\/wp\/v2\/types\/product"}],"replies":[{"embeddable":true,"href":"https:\/\/europe.borealoutdoor.com\/fr\/wp-json\/wp\/v2\/comments?post=96358"}],"wp:featuredmedia":[{"embeddable":true,"href":"https:\/\/europe.borealoutdoor.com\/fr\/wp-json\/wp\/v2\/media\/95813"}],"wp:attachment":[{"href":"https:\/\/europe.borealoutdoor.com\/fr\/wp-json\/wp\/v2\/media?parent=96358"}],"wp:term":[{"taxonomy":"product_cat","embeddable":true,"href":"https:\/\/europe.borealoutdoor.com\/fr\/wp-json\/wp\/v2\/product_cat?post=96358"},{"taxonomy":"product_tag","embeddable":true,"href":"https:\/\/europe.borealoutdoor.com\/fr\/wp-json\/wp\/v2\/product_tag?post=96358"}],"curies":[{"name":"wp","href":"https:\/\/api.w.org\/{rel}","templated":true}]}}