{"id":97400,"date":"2026-05-05T09:10:50","date_gmt":"2026-05-05T07:10:50","guid":{"rendered":"https:\/\/europe.borealoutdoor.com\/product\/joker-plus-wmns-v-rd\/"},"modified":"2026-05-05T09:33:35","modified_gmt":"2026-05-05T07:33:35","slug":"joker-plus-wmns-v-rd","status":"publish","type":"product","link":"https:\/\/europe.borealoutdoor.com\/fr\/produit\/joker-plus-wmns-v-rd\/","title":{"rendered":"JOKER PLUS WMNS V\/RD"},"content":{"rendered":"<p>Le Joker plus est depuis longtemps le chausson de r\u00e9f\u00e9rence pour la voie et la grande voie, et les derni\u00e8res mises \u00e0 jour garantissent qu\u2019il conserve ce statut. Le Joker plus offre un m\u00e9lange parfait entre ajustement, soutien et pr\u00e9cision, ce qui en fait le mod\u00e8le id\u00e9al pour ceux qui grimpent dans les niveaux interm\u00e9diaires et qui souhaitent repousser leurs limites sans sacrifier le confort.<\/p>\n","protected":false},"excerpt":{"rendered":"<p>Le Joker plus est depuis longtemps le chausson de r\u00e9f\u00e9rence pour la voie et la grande voie, et les derni\u00e8res mises \u00e0 jour garantissent qu\u2019il conserve ce statut. Le Joker plus offre un m\u00e9lange parfait entre ajustement, soutien et pr\u00e9cision, [&hellip;]<\/p>\n","protected":false},"featured_media":96720,"comment_status":"closed","ping_status":"closed","template":"","meta":[],"product_cat":[1010],"product_tag":[],"yoast_head":"<!-- This site is optimized with the Yoast SEO plugin v21.8.1 - https:\/\/yoast.com\/wordpress\/plugins\/seo\/ -->\n<title>JOKER PLUS WMNS V\/RD - Boreal Europe<\/title>\n<meta name=\"robots\" content=\"index, follow, max-snippet:-1, max-image-preview:large, max-video-preview:-1\" \/>\n<link rel=\"canonical\" href=\"https:\/\/europe.borealoutdoor.com\/fr\/produit\/joker-plus-wmns-v-rd\/\" \/>\n<meta property=\"og:locale\" content=\"fr_FR\" \/>\n<meta property=\"og:type\" content=\"article\" \/>\n<meta property=\"og:title\" content=\"JOKER PLUS WMNS V\/RD - Boreal Europe\" \/>\n<meta property=\"og:description\" content=\"Le Joker plus est depuis longtemps le chausson de r\u00e9f\u00e9rence pour la voie et la grande voie, et les derni\u00e8res mises \u00e0 jour garantissent qu\u2019il conserve ce statut. Le Joker plus offre un m\u00e9lange parfait entre ajustement, soutien et pr\u00e9cision, [&hellip;]\" \/>\n<meta property=\"og:url\" content=\"https:\/\/europe.borealoutdoor.com\/fr\/produit\/joker-plus-wmns-v-rd\/\" \/>\n<meta property=\"og:site_name\" content=\"Boreal Europe\" \/>\n<meta property=\"article:publisher\" content=\"https:\/\/www.facebook.com\/Boreal.official\/\" \/>\n<meta property=\"article:modified_time\" content=\"2026-05-05T07:33:35+00:00\" \/>\n<meta property=\"og:image\" content=\"https:\/\/europe.borealoutdoor.com\/wp-content\/uploads\/sites\/6\/2026\/05\/11392.jpg\" \/>\n\t<meta property=\"og:image:width\" content=\"1000\" \/>\n\t<meta property=\"og:image:height\" content=\"1000\" \/>\n\t<meta property=\"og:image:type\" content=\"image\/jpeg\" \/>\n<meta name=\"twitter:card\" content=\"summary_large_image\" \/>\n<meta name=\"twitter:site\" content=\"@borealoutdoor\" \/>\n<script type=\"application\/ld+json\" class=\"yoast-schema-graph\">{\"@context\":\"https:\/\/schema.org\",\"@graph\":[{\"@type\":\"WebPage\",\"@id\":\"https:\/\/europe.borealoutdoor.com\/fr\/produit\/joker-plus-wmns-v-rd\/\",\"url\":\"https:\/\/europe.borealoutdoor.com\/fr\/produit\/joker-plus-wmns-v-rd\/\",\"name\":\"JOKER PLUS WMNS V\/RD - Boreal Europe\",\"isPartOf\":{\"@id\":\"https:\/\/europe.borealoutdoor.com\/fr\/#website\"},\"datePublished\":\"2026-05-05T07:10:50+00:00\",\"dateModified\":\"2026-05-05T07:33:35+00:00\",\"breadcrumb\":{\"@id\":\"https:\/\/europe.borealoutdoor.com\/fr\/produit\/joker-plus-wmns-v-rd\/#breadcrumb\"},\"inLanguage\":\"fr-FR\",\"potentialAction\":[{\"@type\":\"ReadAction\",\"target\":[\"https:\/\/europe.borealoutdoor.com\/fr\/produit\/joker-plus-wmns-v-rd\/\"]}]},{\"@type\":\"BreadcrumbList\",\"@id\":\"https:\/\/europe.borealoutdoor.com\/fr\/produit\/joker-plus-wmns-v-rd\/#breadcrumb\",\"itemListElement\":[{\"@type\":\"ListItem\",\"position\":1,\"name\":\"Portada\",\"item\":\"https:\/\/europe.borealoutdoor.com\/fr\/home\/\"},{\"@type\":\"ListItem\",\"position\":2,\"name\":\"JOKER PLUS WMNS V\/RD\"}]},{\"@type\":\"WebSite\",\"@id\":\"https:\/\/europe.borealoutdoor.com\/fr\/#website\",\"url\":\"https:\/\/europe.borealoutdoor.com\/fr\/\",\"name\":\"Boreal\",\"description\":\"\",\"publisher\":{\"@id\":\"https:\/\/europe.borealoutdoor.com\/fr\/#organization\"},\"potentialAction\":[{\"@type\":\"SearchAction\",\"target\":{\"@type\":\"EntryPoint\",\"urlTemplate\":\"https:\/\/europe.borealoutdoor.com\/fr\/?s={search_term_string}\"},\"query-input\":\"required name=search_term_string\"}],\"inLanguage\":\"fr-FR\"},{\"@type\":\"Organization\",\"@id\":\"https:\/\/europe.borealoutdoor.com\/fr\/#organization\",\"name\":\"Boreal\",\"url\":\"https:\/\/europe.borealoutdoor.com\/fr\/\",\"logo\":{\"@type\":\"ImageObject\",\"inLanguage\":\"fr-FR\",\"@id\":\"https:\/\/europe.borealoutdoor.com\/fr\/#\/schema\/logo\/image\/\",\"url\":\"https:\/\/europe.borealoutdoor.com\/wp-content\/uploads\/sites\/6\/2023\/11\/logo-vertical2.png\",\"contentUrl\":\"https:\/\/europe.borealoutdoor.com\/wp-content\/uploads\/sites\/6\/2023\/11\/logo-vertical2.png\",\"width\":257,\"height\":168,\"caption\":\"Boreal\"},\"image\":{\"@id\":\"https:\/\/europe.borealoutdoor.com\/fr\/#\/schema\/logo\/image\/\"},\"sameAs\":[\"https:\/\/www.facebook.com\/Boreal.official\/\",\"https:\/\/twitter.com\/borealoutdoor\",\"https:\/\/www.youtube.com\/user\/BorealVideos\",\"https:\/\/www.instagram.com\/borealoutdoor\/\"]}]}<\/script>\n<!-- \/ Yoast SEO plugin. -->","yoast_head_json":{"title":"JOKER PLUS WMNS V\/RD - Boreal Europe","robots":{"index":"index","follow":"follow","max-snippet":"max-snippet:-1","max-image-preview":"max-image-preview:large","max-video-preview":"max-video-preview:-1"},"canonical":"https:\/\/europe.borealoutdoor.com\/fr\/produit\/joker-plus-wmns-v-rd\/","og_locale":"fr_FR","og_type":"article","og_title":"JOKER PLUS WMNS V\/RD - Boreal Europe","og_description":"Le Joker plus est depuis longtemps le chausson de r\u00e9f\u00e9rence pour la voie et la grande voie, et les derni\u00e8res mises \u00e0 jour garantissent qu\u2019il conserve ce statut. Le Joker plus offre un m\u00e9lange parfait entre ajustement, soutien et pr\u00e9cision, [&hellip;]","og_url":"https:\/\/europe.borealoutdoor.com\/fr\/produit\/joker-plus-wmns-v-rd\/","og_site_name":"Boreal Europe","article_publisher":"https:\/\/www.facebook.com\/Boreal.official\/","article_modified_time":"2026-05-05T07:33:35+00:00","og_image":[{"width":1000,"height":1000,"url":"https:\/\/europe.borealoutdoor.com\/wp-content\/uploads\/sites\/6\/2026\/05\/11392.jpg","type":"image\/jpeg"}],"twitter_card":"summary_large_image","twitter_site":"@borealoutdoor","schema":{"@context":"https:\/\/schema.org","@graph":[{"@type":"WebPage","@id":"https:\/\/europe.borealoutdoor.com\/fr\/produit\/joker-plus-wmns-v-rd\/","url":"https:\/\/europe.borealoutdoor.com\/fr\/produit\/joker-plus-wmns-v-rd\/","name":"JOKER PLUS WMNS V\/RD - Boreal Europe","isPartOf":{"@id":"https:\/\/europe.borealoutdoor.com\/fr\/#website"},"datePublished":"2026-05-05T07:10:50+00:00","dateModified":"2026-05-05T07:33:35+00:00","breadcrumb":{"@id":"https:\/\/europe.borealoutdoor.com\/fr\/produit\/joker-plus-wmns-v-rd\/#breadcrumb"},"inLanguage":"fr-FR","potentialAction":[{"@type":"ReadAction","target":["https:\/\/europe.borealoutdoor.com\/fr\/produit\/joker-plus-wmns-v-rd\/"]}]},{"@type":"BreadcrumbList","@id":"https:\/\/europe.borealoutdoor.com\/fr\/produit\/joker-plus-wmns-v-rd\/#breadcrumb","itemListElement":[{"@type":"ListItem","position":1,"name":"Portada","item":"https:\/\/europe.borealoutdoor.com\/fr\/home\/"},{"@type":"ListItem","position":2,"name":"JOKER PLUS WMNS V\/RD"}]},{"@type":"WebSite","@id":"https:\/\/europe.borealoutdoor.com\/fr\/#website","url":"https:\/\/europe.borealoutdoor.com\/fr\/","name":"Boreal","description":"","publisher":{"@id":"https:\/\/europe.borealoutdoor.com\/fr\/#organization"},"potentialAction":[{"@type":"SearchAction","target":{"@type":"EntryPoint","urlTemplate":"https:\/\/europe.borealoutdoor.com\/fr\/?s={search_term_string}"},"query-input":"required name=search_term_string"}],"inLanguage":"fr-FR"},{"@type":"Organization","@id":"https:\/\/europe.borealoutdoor.com\/fr\/#organization","name":"Boreal","url":"https:\/\/europe.borealoutdoor.com\/fr\/","logo":{"@type":"ImageObject","inLanguage":"fr-FR","@id":"https:\/\/europe.borealoutdoor.com\/fr\/#\/schema\/logo\/image\/","url":"https:\/\/europe.borealoutdoor.com\/wp-content\/uploads\/sites\/6\/2023\/11\/logo-vertical2.png","contentUrl":"https:\/\/europe.borealoutdoor.com\/wp-content\/uploads\/sites\/6\/2023\/11\/logo-vertical2.png","width":257,"height":168,"caption":"Boreal"},"image":{"@id":"https:\/\/europe.borealoutdoor.com\/fr\/#\/schema\/logo\/image\/"},"sameAs":["https:\/\/www.facebook.com\/Boreal.official\/","https:\/\/twitter.com\/borealoutdoor","https:\/\/www.youtube.com\/user\/BorealVideos","https:\/\/www.instagram.com\/borealoutdoor\/"]}]}},"_links":{"self":[{"href":"https:\/\/europe.borealoutdoor.com\/fr\/wp-json\/wp\/v2\/product\/97400"}],"collection":[{"href":"https:\/\/europe.borealoutdoor.com\/fr\/wp-json\/wp\/v2\/product"}],"about":[{"href":"https:\/\/europe.borealoutdoor.com\/fr\/wp-json\/wp\/v2\/types\/product"}],"replies":[{"embeddable":true,"href":"https:\/\/europe.borealoutdoor.com\/fr\/wp-json\/wp\/v2\/comments?post=97400"}],"wp:featuredmedia":[{"embeddable":true,"href":"https:\/\/europe.borealoutdoor.com\/fr\/wp-json\/wp\/v2\/media\/96720"}],"wp:attachment":[{"href":"https:\/\/europe.borealoutdoor.com\/fr\/wp-json\/wp\/v2\/media?parent=97400"}],"wp:term":[{"taxonomy":"product_cat","embeddable":true,"href":"https:\/\/europe.borealoutdoor.com\/fr\/wp-json\/wp\/v2\/product_cat?post=97400"},{"taxonomy":"product_tag","embeddable":true,"href":"https:\/\/europe.borealoutdoor.com\/fr\/wp-json\/wp\/v2\/product_tag?post=97400"}],"curies":[{"name":"wp","href":"https:\/\/api.w.org\/{rel}","templated":true}]}}